{"id":944,"date":"2022-02-04T17:01:06","date_gmt":"2022-02-04T17:01:06","guid":{"rendered":"https:\/\/diver.com.pt\/?page_id=944"},"modified":"2022-05-07T15:45:08","modified_gmt":"2022-05-07T15:45:08","slug":"terminos-generales-y-condiciones","status":"publish","type":"page","link":"https:\/\/diver.com.pt\/es\/terminos-generales-y-condiciones\/","title":{"rendered":"T\u00e9rminos Generales y Condiciones"},"content":{"rendered":"<h1>\n<p><strong>T\u00e9rminos y condiciones generales<\/strong><\/p>\n<\/h1>\n<div>\n<p style=\"margin: 0cm 0cm 12.0pt 0cm;\"><b><span style=\"font-size: 12.0pt; font-family: Montserrat; color: #6c6d74;\">BIENVENIDOS A LA P\u00c1GINA DE GRUPO DIVER<\/span><\/b><\/p>\n<p style=\"margin: 0cm 0cm 15.0pt 0cm;\"><span style=\"font-size: 12.0pt; font-family: Montserrat; color: #6c6d74;\">Estamos encantados de darle la bienvenida al sitio web del Grupo Diver. Le pedimos que lea atentamente los t\u00e9rminos y condiciones. Salvo que se indique lo contrario, la relaci\u00f3n entre\u00a0 Diver y\u00a0 sus usuarios es exclusivamente regida por estos t\u00e9rminos y condiciones que consideramos le\u00eddos y aceptados por el usuario. Si no est\u00e1 de acuerdo con estos t\u00e9rminos y condiciones en su totalidad, no utilice el sitio.<br \/>El Grupo Diver se reserva el derecho de cambiar los T\u00e9rminos y Condiciones, publicando est\u00e1 alteraci\u00f3n en el sitio web..<\/p>\n<p><b>1. IDENTIFICACI\u00d3N<\/b><\/p>\n<p>DiverLanhoso \u2013 Actividades Desportivas Lda.<br \/>R\u00faa do Baldio \u2013 Oliveira<br \/>4830-602 P\u00f3voa de Lanhoso<o:p><\/o:p><\/span><\/p>\n<p style=\"margin: 15.0pt 0cm 15.0pt 0cm;\"><span style=\"font-size: 12.0pt; font-family: Montserrat; color: #6c6d74;\">DiverMinho<o:p><\/o:p><\/span><\/p>\n<p style=\"margin: 15.0pt 0cm 15.0pt 0cm;\"><span style=\"font-size: 12.0pt; font-family: Montserrat; color: #6c6d74;\">DiverEstrela<o:p><\/o:p><\/span><\/p>\n<p style=\"margin: 15.0pt 0cm 15.0pt 0cm;\"><span style=\"font-size: 12.0pt; font-family: Montserrat; color: #6c6d74;\">NIF: PT504757555<o:p><\/o:p><\/span><\/p>\n<p style=\"margin: 15.0pt 0cm 15.0pt 0cm;\"><span style=\"font-size: 12.0pt; font-family: Montserrat; color: #6c6d74;\">Tel. +351 253 635 763<br \/>Fax.+351 253 635 764<\/p>\n<p><b>2. PRECISI\u00d3N DEL CONTENIDO<\/b><\/p>\n<p>El Grupo Diver realiza los m\u00e1ximos esfuerzos para mantener actualizada la informaci\u00f3n\u00a0 del sitio web, sin embargo, no es posible garantizar la total ausencia de errores.\u00a0 La informaci\u00f3n y otros materiales publicados en este sitio pueden contener inexactitudes o errores tipogr\u00e1ficos. Los pesos, dimensiones y vol\u00famenes de los productos\u00a0 son solo aproximados. Hemos realizado esfuerzos razonables para garantizar que la informaci\u00f3n del producto sea precisa y para mostrar tambi\u00e9n sus colores con la mayor precisi\u00f3n posible, sin embargo, no podemos garantizar que los colores que se muestran\u00a0 en la pantalla muestren precisi\u00f3n del color del producto en el momento de la entrega. La Diver se reserva el derecho de cambiar el sitio en cualquier momento a su discreci\u00f3n. La Diver no garantiza que las funciones incluidas en el sitio web o cualquier material o contenido incluido en el mismo ser\u00e1n ininterrumpidos o libre de errores, que los defectos se corregir\u00e1n o que el sitio web o el servidor que lo pone a su disposici\u00f3n est\u00e1 libre de virus u otros componentes da\u00f1inos.<o:p><\/o:p><\/span><\/p>\n<p style=\"margin: 15.0pt 0cm 0cm 0cm;\"><b><span style=\"font-size: 12.0pt; font-family: Montserrat; color: #6c6d74;\">3. DERECHOS Y PROPRIEDADES<\/span><\/b><span style=\"font-size: 12.0pt; font-family: Montserrat; color: #6c6d74;\"><\/p>\n<p>Todos los nombres de marcas, nombres de productos y t\u00edtulos usados en el sitio web son marcas registradas o nombres comerciales de Grupo Diver. Usted no est\u00e1 autorizado a utilizar o reproducir tales marcas o nombres comerciales,\u00a0 ya que pueden constituir una violaci\u00f3n de los derechos de los titulares. Todo el dise\u00f1o del sitio web, los textos, documentos, pel\u00edculas y otros servicios, como la selecci\u00f3n y disposici\u00f3n de los mismos, adem\u00e1s de todos los materiales de este sitio web est\u00e1n\u00a0 protegidos por los derechos de autor de Diver o sus proveedores. Solo se le permite copiar y imprimir elect\u00f3nicamente partes del sitio web en la medida necesaria para realizar un pedido o utilizar\u00a0 el sitio web como un recurso de compra. No est\u00e1 autorizado a hacer ning\u00fan otro uso de la informaci\u00f3n y los materiales del sitio, incluida la reproducci\u00f3n de los casos distintos a los mencionados anteriormente, modificaci\u00f3n, distribuci\u00f3n o republicaci\u00f3n. Si desea utilizar materiales o informaci\u00f3n de este sitio, debe obtener el consentimiento previo por escrito de la Diver.<\/p>\n<p><b>4. USO DE INFORMACI\u00d3N O SUGERENCIAS:<\/b><\/p>\n<p>En el caso de que proporcione a Diver o que publique cualquier informaci\u00f3n, material, sugerencia o comentario a trav\u00e9s del sitio web sobre el sitio web,\u00a0 debe tener en cuante que la forma en que Diver realiza negocios o el funcionamiento del sitio web, Diver se reserva el derecho de utilizar material, informaciones, sugerencias, o comentarios a su criterio, sin compensaci\u00f3n del autor. Sin embargo, el uso de informaci\u00f3n por la cual pueda ser identificado ( como su nombre, direcci\u00f3n, n\u00famero de seguro social y n\u00famero de tel\u00e9fono, etc.), se regir\u00e1 por la Pol\u00edtica de Privacidad.<o:p><\/o:p><\/span><\/p>\n<p style=\"margin: 15.0pt 0cm 0cm 0cm;\"><span style=\"font-size: 12.0pt; font-family: Montserrat; color: #6c6d74;\"><br \/><b>5. POL\u00cdTICA DE PRIVACIDAD<\/b><\/p>\n<p>Consideramos que su privacidad es muy importante\u00a0 y queremos asegurarnos de que est\u00e9 al tanto y est\u00e9 de acuerdo con la forma en que podemos usar su informaci\u00f3n personal. Al realizar un pedido en el sitio, el usuario acepta la pol\u00edtica de recolecci\u00f3n, uso y transferencia de datos personales, en los t\u00e9rminos de la Pol\u00edtica de Privacidad.<\/p>\n<p><b>6. LEY<\/b><br \/>Cualquiera disputa relativa a la validez, interpretaci\u00f3n y\/o ejecuci\u00f3n de los T\u00e9rminos y Condiciones se rige exclusivamente por las leyes y los tribunales portugueses. Esta cl\u00e1usula no afecta a sus derechos legales. El usuario acepta que, en caso de disputa sobre el uso del sitio web, las pruebas electr\u00f3nicas (e-mails, copias de seguridad, etc.) pueden utilizarse como pruebas v\u00e1lidas.<\/p>\n<p>Si cualquiera de los T\u00e9rminos y Condiciones fueran declarados nulos o sin efecto, los restantes t\u00e9rminos y condiciones seguir\u00e1n siendo v\u00e1lidos y la parte declarada nula sin efecto seguir\u00e1 siendo aplicable dentro de los l\u00edmites establecidos por la ley.<\/p>\n<p>Resoluci\u00f3n de disputas de la UE:\u00a0 Haga clic\u00a0<a href=\"https:\/\/webgate.ec.europa.eu\/odr\/main\/index.cfm?event=main.home.show&amp;lng=PT\" target=\"_blank\" style=\"text-decoration-line: none;\" rel=\"noopener\"><span style=\"color: #6c6d74;\">AQUI<\/span><\/a>\u00a0y contin\u00fae\u00a0 con el formulario.<\/p>\n<p><b>7. DEFINICIONES<\/b><\/p>\n<p>Dentro del alcance de estos t\u00e9rminos y condiciones, los t\u00e9rminos enumerados a continuaci\u00f3n se considerar\u00e1n con el siguiente significado, a menos que se indique expresamente lo contrario:<\/p>\n<p>T\u00e9rminos y Condiciones: estos t\u00e9rminos y condiciones de cualquier adici\u00f3n o actualizaci\u00f3n a los mismos;<br \/>Env\u00edo: Resultado del proceso de pedido;<br \/>Usuario:persona que, introduciendo la direcci\u00f3n del sitio web o medianteun enlace, utiliza la plataforma con fines informativos o para realizar un pedido.<br \/>Sitio web: una colecci\u00f3n de p\u00e1ginas agrupadas bajo la direcci\u00f3n de\u00a0<a href=\"https:\/\/www.samsonite.pt\/\" style=\"text-decoration-line: none;\"><span style=\"color: #6c6d74;\">https:\/\/www.diver.com.pt<\/span><\/a><o:p><\/o:p><\/span><\/p>\n<\/div>\n<p><!--more--><br \/>\n<!-- {\"name\":\"pol\\u00edtica de privacidade pt\",\"type\":\"layout\",\"children\":[{\"type\":\"section\",\"props\":{\"style\":\"default\",\"width\":\"default\",\"vertical_align\":\"middle\",\"title_position\":\"top-left\",\"title_rotation\":\"left\",\"title_breakpoint\":\"xl\",\"image_position\":\"center-center\"},\"children\":[{\"type\":\"row\",\"children\":[{\"type\":\"column\",\"props\":{\"position_sticky_breakpoint\":\"m\",\"image_position\":\"center-center\",\"media_overlay_gradient\":\"\"},\"children\":[{\"type\":\"headline\",\"props\":{\"title_element\":\"h1\",\"content\":\"\n\n<p><strong>T\\u00e9rminos y condiciones generales<\\\/strong><\\\/p>\"}},{\"type\":\"text\",\"props\":{\"margin\":\"default\",\"column_breakpoint\":\"m\",\"content\":\"\n\n<p style=\\\"margin: 0cm 0cm 12.0pt 0cm;\\\"><b><span style=\\\"font-size: 12.0pt; font-family: Montserrat; color: #6c6d74;\\\">BIENVENIDOS A LA P\\u00c1GINA DE GRUPO DIVER<\\\/span><\\\/b><\\\/p>\\n\n\n<p style=\\\"margin: 0cm 0cm 15.0pt 0cm;\\\"><span style=\\\"font-size: 12.0pt; font-family: Montserrat; color: #6c6d74;\\\">Estamos encantados de darle la bienvenida al sitio web del Grupo Diver. Le pedimos que lea atentamente los t\\u00e9rminos y condiciones. Salvo que se indique lo contrario, la relaci\\u00f3n entre\\u00a0 Diver y\\u00a0 sus usuarios es exclusivamente regida por estos t\\u00e9rminos y condiciones que consideramos le\\u00eddos y aceptados por el usuario. Si no est\\u00e1 de acuerdo con estos t\\u00e9rminos y condiciones en su totalidad, no utilice el sitio.<br \\\/>El Grupo Diver se reserva el derecho de cambiar los T\\u00e9rminos y Condiciones, publicando est\\u00e1 alteraci\\u00f3n en el sitio web..<br \\\/><br \\\/><b>1. IDENTIFICACI\\u00d3N<\\\/b><br \\\/><br \\\/>DiverLanhoso \\u2013 Actividades Desportivas Lda.<br \\\/>R\\u00faa do Baldio \\u2013 Oliveira<br \\\/>4830-602 P\\u00f3voa de Lanhoso<o:p><\\\/o:p><\\\/span><\\\/p>\\n\n\n<p style=\\\"margin: 15.0pt 0cm 15.0pt 0cm;\\\"><span style=\\\"font-size: 12.0pt; font-family: Montserrat; color: #6c6d74;\\\">DiverMinho<o:p><\\\/o:p><\\\/span><\\\/p>\\n\n\n<p style=\\\"margin: 15.0pt 0cm 15.0pt 0cm;\\\"><span style=\\\"font-size: 12.0pt; font-family: Montserrat; color: #6c6d74;\\\">DiverEstrela<o:p><\\\/o:p><\\\/span><\\\/p>\\n\n\n<p style=\\\"margin: 15.0pt 0cm 15.0pt 0cm;\\\"><span style=\\\"font-size: 12.0pt; font-family: Montserrat; color: #6c6d74;\\\">NIF: PT504757555<o:p><\\\/o:p><\\\/span><\\\/p>\\n\n\n<p style=\\\"margin: 15.0pt 0cm 15.0pt 0cm;\\\"><span style=\\\"font-size: 12.0pt; font-family: Montserrat; color: #6c6d74;\\\">Tel. +351 253 635 763<br \\\/>Fax.+351 253 635 764<br \\\/><br \\\/><b>2. PRECISI\\u00d3N DEL CONTENIDO<\\\/b><br \\\/><br \\\/>El Grupo Diver realiza los m\\u00e1ximos esfuerzos para mantener actualizada la informaci\\u00f3n\\u00a0 del sitio web, sin embargo, no es posible garantizar la total ausencia de errores.\\u00a0 La informaci\\u00f3n y otros materiales publicados en este sitio pueden contener inexactitudes o errores tipogr\\u00e1ficos. Los pesos, dimensiones y vol\\u00famenes de los productos\\u00a0 son solo aproximados. Hemos realizado esfuerzos razonables para garantizar que la informaci\\u00f3n del producto sea precisa y para mostrar tambi\\u00e9n sus colores con la mayor precisi\\u00f3n posible, sin embargo, no podemos garantizar que los colores que se muestran\\u00a0 en la pantalla muestren precisi\\u00f3n del color del producto en el momento de la entrega. La Diver se reserva el derecho de cambiar el sitio en cualquier momento a su discreci\\u00f3n. La Diver no garantiza que las funciones incluidas en el sitio web o cualquier material o contenido incluido en el mismo ser\\u00e1n ininterrumpidos o libre de errores, que los defectos se corregir\\u00e1n o que el sitio web o el servidor que lo pone a su disposici\\u00f3n est\\u00e1 libre de virus u otros componentes da\\u00f1inos.<o:p><\\\/o:p><\\\/span><\\\/p>\\n\n\n<p style=\\\"margin: 15.0pt 0cm 0cm 0cm;\\\"><b><span style=\\\"font-size: 12.0pt; font-family: Montserrat; color: #6c6d74;\\\">3. DERECHOS Y PROPRIEDADES<\\\/span><\\\/b><span style=\\\"font-size: 12.0pt; font-family: Montserrat; color: #6c6d74;\\\"><br \\\/><br \\\/>Todos los nombres de marcas, nombres de productos y t\\u00edtulos usados en el sitio web son marcas registradas o nombres comerciales de Grupo Diver. Usted no est\\u00e1 autorizado a utilizar o reproducir tales marcas o nombres comerciales,\\u00a0 ya que pueden constituir una violaci\\u00f3n de los derechos de los titulares. Todo el dise\\u00f1o del sitio web, los textos, documentos, pel\\u00edculas y otros servicios, como la selecci\\u00f3n y disposici\\u00f3n de los mismos, adem\\u00e1s de todos los materiales de este sitio web est\\u00e1n\\u00a0 protegidos por los derechos de autor de Diver o sus proveedores. Solo se le permite copiar y imprimir elect\\u00f3nicamente partes del sitio web en la medida necesaria para realizar un pedido o utilizar\\u00a0 el sitio web como un recurso de compra. No est\\u00e1 autorizado a hacer ning\\u00fan otro uso de la informaci\\u00f3n y los materiales del sitio, incluida la reproducci\\u00f3n de los casos distintos a los mencionados anteriormente, modificaci\\u00f3n, distribuci\\u00f3n o republicaci\\u00f3n. Si desea utilizar materiales o informaci\\u00f3n de este sitio, debe obtener el consentimiento previo por escrito de la Diver.<br \\\/><br \\\/><b>4. USO DE INFORMACI\\u00d3N O SUGERENCIAS:<\\\/b><br \\\/><br \\\/>En el caso de que proporcione a Diver o que publique cualquier informaci\\u00f3n, material, sugerencia o comentario a trav\\u00e9s del sitio web sobre el sitio web,\\u00a0 debe tener en cuante que la forma en que Diver realiza negocios o el funcionamiento del sitio web, Diver se reserva el derecho de utilizar material, informaciones, sugerencias, o comentarios a su criterio, sin compensaci\\u00f3n del autor. Sin embargo, el uso de informaci\\u00f3n por la cual pueda ser identificado ( como su nombre, direcci\\u00f3n, n\\u00famero de seguro social y n\\u00famero de tel\\u00e9fono, etc.), se regir\\u00e1 por la Pol\\u00edtica de Privacidad.<o:p><\\\/o:p><\\\/span><\\\/p>\\n\n\n<p style=\\\"margin: 15.0pt 0cm 0cm 0cm;\\\"><span style=\\\"font-size: 12.0pt; font-family: Montserrat; color: #6c6d74;\\\"><br \\\/><b>5. POL\\u00cdTICA DE PRIVACIDAD<\\\/b><br \\\/><br \\\/>Consideramos que su privacidad es muy importante\\u00a0 y queremos asegurarnos de que est\\u00e9 al tanto y est\\u00e9 de acuerdo con la forma en que podemos usar su informaci\\u00f3n personal. Al realizar un pedido en el sitio, el usuario acepta la pol\\u00edtica de recolecci\\u00f3n, uso y transferencia de datos personales, en los t\\u00e9rminos de la Pol\\u00edtica de Privacidad.<br \\\/><br \\\/><b>6. LEY<\\\/b><br \\\/>Cualquiera disputa relativa a la validez, interpretaci\\u00f3n y\\\/o ejecuci\\u00f3n de los T\\u00e9rminos y Condiciones se rige exclusivamente por las leyes y los tribunales portugueses. Esta cl\\u00e1usula no afecta a sus derechos legales. El usuario acepta que, en caso de disputa sobre el uso del sitio web, las pruebas electr\\u00f3nicas (e-mails, copias de seguridad, etc.) pueden utilizarse como pruebas v\\u00e1lidas.<br \\\/><br \\\/>Si cualquiera de los T\\u00e9rminos y Condiciones fueran declarados nulos o sin efecto, los restantes t\\u00e9rminos y condiciones seguir\\u00e1n siendo v\\u00e1lidos y la parte declarada nula sin efecto seguir\\u00e1 siendo aplicable dentro de los l\\u00edmites establecidos por la ley.<br \\\/><br \\\/>Resoluci\\u00f3n de disputas de la UE:\\u00a0 Haga clic\\u00a0<a href=\\\"https:\\\/\\\/webgate.ec.europa.eu\\\/odr\\\/main\\\/index.cfm?event=main.home.show&amp;lng=PT\\\" target=\\\"_blank\\\" style=\\\"text-decoration-line: none;\\\" rel=\\\"noopener\\\"><span style=\\\"color: #6c6d74;\\\">AQUI<\\\/span><\\\/a>\\u00a0y contin\\u00fae\\u00a0 con el formulario.<br \\\/><br \\\/><b>7. DEFINICIONES<\\\/b><br \\\/><br \\\/>Dentro del alcance de estos t\\u00e9rminos y condiciones, los t\\u00e9rminos enumerados a continuaci\\u00f3n se considerar\\u00e1n con el siguiente significado, a menos que se indique expresamente lo contrario:<br \\\/><br \\\/>T\\u00e9rminos y Condiciones: estos t\\u00e9rminos y condiciones de cualquier adici\\u00f3n o actualizaci\\u00f3n a los mismos;<br \\\/>Env\\u00edo: Resultado del proceso de pedido;<br \\\/>Usuario:persona que, introduciendo la direcci\\u00f3n del sitio web o medianteun enlace, utiliza la plataforma con fines informativos o para realizar un pedido.<br \\\/>Sitio web: una colecci\\u00f3n de p\\u00e1ginas agrupadas bajo la direcci\\u00f3n de\\u00a0<a href=\\\"https:\\\/\\\/www.samsonite.pt\\\/\\\" style=\\\"text-decoration-line: none;\\\"><span style=\\\"color: #6c6d74;\\\">https:\\\/\\\/www.diver.com.pt<\\\/span><\\\/a><o:p><\\\/o:p><\\\/span><\\\/p>\"}}]}]}]}],\"version\":\"2.7.16\"} --><\/p>\n","protected":false},"excerpt":{"rendered":"<p>T\u00e9rminos y condiciones generales BIENVENIDOS A LA P\u00c1GINA DE GRUPO DIVER Estamos encantados de darle la bienvenida al sitio web del Grupo Diver. Le pedimos que lea atentamente los t\u00e9rminos y condiciones. Salvo que se indique lo contrario, la relaci\u00f3n entre\u00a0 Diver y\u00a0 sus usuarios es exclusivamente regida por estos t\u00e9rminos y condiciones que consideramos [&hellip;]<\/p>\n","protected":false},"author":1,"featured_media":0,"parent":0,"menu_order":0,"comment_status":"closed","ping_status":"closed","template":"","meta":{"footnotes":""},"class_list":["post-944","page","type-page","status-publish","hentry"],"yoast_head":"<!-- This site is optimized with the Yoast SEO plugin v19.13 - https:\/\/yoast.com\/wordpress\/plugins\/seo\/ -->\n<title>Diver - T\u00e9rminos Generales y Condiciones<\/title>\n<meta name=\"robots\" content=\"index, follow, max-snippet:-1, max-image-preview:large, max-video-preview:-1\" \/>\n<link rel=\"canonical\" href=\"https:\/\/diver.com.pt\/es\/terminos-generales-y-condiciones\/\" \/>\n<meta property=\"og:locale\" content=\"es_ES\" \/>\n<meta property=\"og:type\" content=\"article\" \/>\n<meta property=\"og:title\" content=\"Diver - T\u00e9rminos Generales y Condiciones\" \/>\n<meta property=\"og:description\" content=\"T\u00e9rminos y condiciones generales BIENVENIDOS A LA P\u00c1GINA DE GRUPO DIVER Estamos encantados de darle la bienvenida al sitio web del Grupo Diver. Le pedimos que lea atentamente los t\u00e9rminos y condiciones. Salvo que se indique lo contrario, la relaci\u00f3n entre\u00a0 Diver y\u00a0 sus usuarios es exclusivamente regida por estos t\u00e9rminos y condiciones que consideramos [&hellip;]\" \/>\n<meta property=\"og:url\" content=\"https:\/\/diver.com.pt\/es\/terminos-generales-y-condiciones\/\" \/>\n<meta property=\"og:site_name\" content=\"Diver\" \/>\n<meta property=\"article:publisher\" content=\"https:\/\/www.facebook.com\/diverlanhoso\" \/>\n<meta property=\"article:modified_time\" content=\"2022-05-07T15:45:08+00:00\" \/>\n<meta name=\"twitter:card\" content=\"summary_large_image\" \/>\n<script type=\"application\/ld+json\" class=\"yoast-schema-graph\">{\"@context\":\"https:\/\/schema.org\",\"@graph\":[{\"@type\":\"WebPage\",\"@id\":\"https:\/\/diver.com.pt\/es\/terminos-generales-y-condiciones\/\",\"url\":\"https:\/\/diver.com.pt\/es\/terminos-generales-y-condiciones\/\",\"name\":\"Diver - T\u00e9rminos Generales y Condiciones\",\"isPartOf\":{\"@id\":\"https:\/\/diver.com.pt\/es\/#website\"},\"datePublished\":\"2022-02-04T17:01:06+00:00\",\"dateModified\":\"2022-05-07T15:45:08+00:00\",\"breadcrumb\":{\"@id\":\"https:\/\/diver.com.pt\/es\/terminos-generales-y-condiciones\/#breadcrumb\"},\"inLanguage\":\"es\",\"potentialAction\":[{\"@type\":\"ReadAction\",\"target\":[\"https:\/\/diver.com.pt\/es\/terminos-generales-y-condiciones\/\"]}]},{\"@type\":\"BreadcrumbList\",\"@id\":\"https:\/\/diver.com.pt\/es\/terminos-generales-y-condiciones\/#breadcrumb\",\"itemListElement\":[{\"@type\":\"ListItem\",\"position\":1,\"name\":\"Comienzo\",\"item\":\"https:\/\/diver.com.pt\/es\/\"},{\"@type\":\"ListItem\",\"position\":2,\"name\":\"T\u00e9rminos Generales y Condiciones\"}]},{\"@type\":\"WebSite\",\"@id\":\"https:\/\/diver.com.pt\/es\/#website\",\"url\":\"https:\/\/diver.com.pt\/es\/\",\"name\":\"Diver\",\"description\":\"Grupo Diver\",\"publisher\":{\"@id\":\"https:\/\/diver.com.pt\/es\/#organization\"},\"potentialAction\":[{\"@type\":\"SearchAction\",\"target\":{\"@type\":\"EntryPoint\",\"urlTemplate\":\"https:\/\/diver.com.pt\/es\/?s={search_term_string}\"},\"query-input\":\"required name=search_term_string\"}],\"inLanguage\":\"es\"},{\"@type\":\"Organization\",\"@id\":\"https:\/\/diver.com.pt\/es\/#organization\",\"name\":\"Grupo Diver\",\"url\":\"https:\/\/diver.com.pt\/es\/\",\"logo\":{\"@type\":\"ImageObject\",\"inLanguage\":\"es\",\"@id\":\"https:\/\/diver.com.pt\/es\/#\/schema\/logo\/image\/\",\"url\":\"https:\/\/diver.com.pt\/wp-content\/uploads\/2022\/02\/FAV-ICON-05.svg\",\"contentUrl\":\"https:\/\/diver.com.pt\/wp-content\/uploads\/2022\/02\/FAV-ICON-05.svg\",\"caption\":\"Grupo Diver\"},\"image\":{\"@id\":\"https:\/\/diver.com.pt\/es\/#\/schema\/logo\/image\/\"},\"sameAs\":[\"https:\/\/www.instagram.com\/diverlanhoso\",\"https:\/\/www.facebook.com\/diverlanhoso\"]}]}<\/script>\n<!-- \/ Yoast SEO plugin. -->","yoast_head_json":{"title":"Diver - T\u00e9rminos Generales y Condiciones","robots":{"index":"index","follow":"follow","max-snippet":"max-snippet:-1","max-image-preview":"max-image-preview:large","max-video-preview":"max-video-preview:-1"},"canonical":"https:\/\/diver.com.pt\/es\/terminos-generales-y-condiciones\/","og_locale":"es_ES","og_type":"article","og_title":"Diver - T\u00e9rminos Generales y Condiciones","og_description":"T\u00e9rminos y condiciones generales BIENVENIDOS A LA P\u00c1GINA DE GRUPO DIVER Estamos encantados de darle la bienvenida al sitio web del Grupo Diver. Le pedimos que lea atentamente los t\u00e9rminos y condiciones. Salvo que se indique lo contrario, la relaci\u00f3n entre\u00a0 Diver y\u00a0 sus usuarios es exclusivamente regida por estos t\u00e9rminos y condiciones que consideramos [&hellip;]","og_url":"https:\/\/diver.com.pt\/es\/terminos-generales-y-condiciones\/","og_site_name":"Diver","article_publisher":"https:\/\/www.facebook.com\/diverlanhoso","article_modified_time":"2022-05-07T15:45:08+00:00","twitter_card":"summary_large_image","schema":{"@context":"https:\/\/schema.org","@graph":[{"@type":"WebPage","@id":"https:\/\/diver.com.pt\/es\/terminos-generales-y-condiciones\/","url":"https:\/\/diver.com.pt\/es\/terminos-generales-y-condiciones\/","name":"Diver - T\u00e9rminos Generales y Condiciones","isPartOf":{"@id":"https:\/\/diver.com.pt\/es\/#website"},"datePublished":"2022-02-04T17:01:06+00:00","dateModified":"2022-05-07T15:45:08+00:00","breadcrumb":{"@id":"https:\/\/diver.com.pt\/es\/terminos-generales-y-condiciones\/#breadcrumb"},"inLanguage":"es","potentialAction":[{"@type":"ReadAction","target":["https:\/\/diver.com.pt\/es\/terminos-generales-y-condiciones\/"]}]},{"@type":"BreadcrumbList","@id":"https:\/\/diver.com.pt\/es\/terminos-generales-y-condiciones\/#breadcrumb","itemListElement":[{"@type":"ListItem","position":1,"name":"Comienzo","item":"https:\/\/diver.com.pt\/es\/"},{"@type":"ListItem","position":2,"name":"T\u00e9rminos Generales y Condiciones"}]},{"@type":"WebSite","@id":"https:\/\/diver.com.pt\/es\/#website","url":"https:\/\/diver.com.pt\/es\/","name":"Diver","description":"Grupo Diver","publisher":{"@id":"https:\/\/diver.com.pt\/es\/#organization"},"potentialAction":[{"@type":"SearchAction","target":{"@type":"EntryPoint","urlTemplate":"https:\/\/diver.com.pt\/es\/?s={search_term_string}"},"query-input":"required name=search_term_string"}],"inLanguage":"es"},{"@type":"Organization","@id":"https:\/\/diver.com.pt\/es\/#organization","name":"Grupo Diver","url":"https:\/\/diver.com.pt\/es\/","logo":{"@type":"ImageObject","inLanguage":"es","@id":"https:\/\/diver.com.pt\/es\/#\/schema\/logo\/image\/","url":"https:\/\/diver.com.pt\/wp-content\/uploads\/2022\/02\/FAV-ICON-05.svg","contentUrl":"https:\/\/diver.com.pt\/wp-content\/uploads\/2022\/02\/FAV-ICON-05.svg","caption":"Grupo Diver"},"image":{"@id":"https:\/\/diver.com.pt\/es\/#\/schema\/logo\/image\/"},"sameAs":["https:\/\/www.instagram.com\/diverlanhoso","https:\/\/www.facebook.com\/diverlanhoso"]}]}},"_links":{"self":[{"href":"https:\/\/diver.com.pt\/es\/wp-json\/wp\/v2\/pages\/944","targetHints":{"allow":["GET"]}}],"collection":[{"href":"https:\/\/diver.com.pt\/es\/wp-json\/wp\/v2\/pages"}],"about":[{"href":"https:\/\/diver.com.pt\/es\/wp-json\/wp\/v2\/types\/page"}],"author":[{"embeddable":true,"href":"https:\/\/diver.com.pt\/es\/wp-json\/wp\/v2\/users\/1"}],"replies":[{"embeddable":true,"href":"https:\/\/diver.com.pt\/es\/wp-json\/wp\/v2\/comments?post=944"}],"version-history":[{"count":3,"href":"https:\/\/diver.com.pt\/es\/wp-json\/wp\/v2\/pages\/944\/revisions"}],"predecessor-version":[{"id":1231,"href":"https:\/\/diver.com.pt\/es\/wp-json\/wp\/v2\/pages\/944\/revisions\/1231"}],"wp:attachment":[{"href":"https:\/\/diver.com.pt\/es\/wp-json\/wp\/v2\/media?parent=944"}],"curies":[{"name":"wp","href":"https:\/\/api.w.org\/{rel}","templated":true}]}}