{"id":932,"date":"2022-02-04T16:59:22","date_gmt":"2022-02-04T16:59:22","guid":{"rendered":"https:\/\/diver.com.pt\/?page_id=932"},"modified":"2022-05-07T15:47:50","modified_gmt":"2022-05-07T15:47:50","slug":"politica-de-uso-de-cookies","status":"publish","type":"page","link":"https:\/\/diver.com.pt\/es\/politica-de-uso-de-cookies\/","title":{"rendered":"Pol\u00edtica de uso de cookies"},"content":{"rendered":"<h1>\n<p><strong>Pol\u00edtica de Utilizaci\u00f3n de Cookies<\/strong><\/p>\n<\/h1>\n<div>\n<p>Las cookies son peque\u00f1os fragmentos de datos que se env\u00edan\u00a0 desde nuestro sitio web y que se almacenan en su navegador.<br \/>Al continuar utilizando el sitio web\u00a0<a href=\"https:\/\/www.samsonite.pt\/\">www.diver.com.pt<\/a>, usted acepta nuestro uso de cookies.<br \/>Las cookies contienen informaci\u00f3n que utilizamos para procesar pedidos y mejorar su experiencia.\u00a0<\/p>\n<p>Estes son los diferentes tipos de cookies que utilizamos en el sitio web:<\/p>\n<p><strong>COOCKIES ORIGINALES<\/strong><\/p>\n<p>Nosotros utilizamos cookies para asegurarnos de que le proporcionamos una experiencia de compra fluida. Estas cookies son necesarias para que el sitio funcione y no se pueden desactivar del sistema. Estas permitem el uso de la funcionalidad \u201ca\u00f1adir al carrito\u201d y la \u201c herramienta de comparaci\u00f3n\u201d. Una vez que cierre la sesi\u00f3n, todas las cookies desaparecer\u00e1n.<\/p>\n<p>NOTA: Puede configurar su navegador para bloquear las cookies o para\u00a0 que le avise sobre ellas, pero es posible que algunas partes del sitio no funcionen. Estas \u00abcookies\u00bb no almacenan ninguna informaci\u00f3n de identificaci\u00f3n personal.<\/p>\n<p><strong>COOKIES DE ACTUACI\u00d3N<\/strong><\/p>\n<p>Permiten recopilar datos an\u00f3nimos que muestran\u00a0 el funcionamiento interno del sitio. El Grupo Diver utiliza Google Analytics para ayudar a analizar c\u00f3mo los visitantes usan el sitio y mejorar su experiencia de compra. Google Analytics utiliza cookies para recopilar informaci\u00f3n de registros est\u00e1ndar de Internet y informaci\u00f3n sobre el comportamiento de los visitantes de forma an\u00f3nima. Para optar por no participar en el seguimiento de Google Analytics, simplemente instale el siguiente complemento en su navegador: Navegador de exclusi\u00f3n de Google Analytics.<br \/>Los detalles completos sobre las cookies que utiliza Google Analytics\u00a0 se pueden encontrar\u00a0<a href=\"https:\/\/developers.google.com\/analytics\/devguides\/collection\/analyticsjs\/cookie-usage?hl=pt-PT#overview\">AQUI<\/a>.<\/p>\n<p><strong>COOKIES DE FUNCIONALIDAD<\/strong><\/p>\n<p>Son utilizadas para aumentar la usabilidad de nuestro sitio web.<\/p>\n<p>NOTA: Al usar la herramienta de Google Maps, la pol\u00edtica de privacidad y los t\u00e9rminos de uso de Google est\u00e1n vigentes.<\/p>\n<p><strong>COOKIES SOCIALES COMPARTIDAS<\/strong><\/p>\n<p>El sitio web contiene botones sociales\u00a0 que permiten a nuestros clientes compartir productos a trav\u00e9s\u00a0 de redes sociales como Facebook y Youtube. Al hacer clic con el bot\u00f3n para compartir en redes sociales, la mayor\u00eda establecer\u00e1 una cookie de terceros. Por favor, tenga eso en cuenta.<br \/>Usamos el complemento de \u00abMe gusta\u00bb para ayudarnos a comercializar\/comunicar nuestro negocio en la red. El complemento detecta si le ha dado \u00abMe Gusta\u00bb a nuestra p\u00e1gina de Facebook y utiliza esta informaci\u00f3n para presentar un bot\u00f3n de \u00abMe Gusta\u00bb o un mensaje de \u00bb Me Gusta\u00bb con varios otros detalles de Facebook asociados.<\/p>\n<p>Usamos Youtube para alojar contenido de v\u00eddeo. Al ver una p\u00e1gina en nuestro sitio web con un v\u00eddeo de Youtube incrustado, crea al menos tres cookies. Usamos el servicio de Youtube para comodidad de nuestros visitantes, y podemos usarlo sobre la base de que Google mantiene su pol\u00edtica de privacidad.<\/p>\n<p><strong>COOKIES DE OBJETIVO<\/strong><\/p>\n<p>El sitio Diver recibe parte de sus visitas a trav\u00e9s de sitios asociados y anuncios web. Las cookies de terceros se configuran para ayudar a identificar la contribuci\u00f3n de los sitios asociados a nuestro negocio. Adem\u00e1s, algunos de los anuncios de Google pueden contener cookies de terceros.<\/p>\n<p>\u00bf\u00a0Necesita m\u00e1s informaci\u00f3n sobre las cookies?\u00a0\u00a0Visite\u00a0<a href=\"https:\/\/www.allaboutcookies.org\/\">www.allaboutcookies.org<\/a><\/p>\n<p>Las \u00abcookies\u00bb son peque\u00f1as etiquetas de software que se almacenan en su computadora a trav\u00e9s del navegador (browser), reteniendo solo informaci\u00f3n relacionada con sus preferencias, sin incluir,\u00a0 como tal, sus datos personales. La Diver podr\u00e1 utilizar \u00abcookies\u00bb con la finalidad de ayudar a determinar la utilidad, inter\u00e9s y n\u00famero de usos de sus sitios web, permitiendo una navegaci\u00f3n m\u00e1s r\u00e1pida , eliminando la necesidad de introducir repetidamente\u00a0 la misma informaci\u00f3n. El uso de cookies es una pr\u00e1ctica\u00a0 normal entre los sitios web de Internet, y la mayor\u00eda de los navegadores de Internet permiten al usuario aceptar, rechazar o eliminar cookies, es decir, seleccionando la configuraci\u00f3n adecuada en el navegador respectivo.\u00a0<\/p>\n<p>Tenga en cuenta que a trav\u00e9s de su navegador (browser) puede deshabilitar las cookies, ya sea para este sitio web o para todos los sitios web que visite.<\/p>\n<\/div>\n<p><!--more--><br \/>\n<!-- {\"name\":\"pol\\u00edtica de privacidade pt\",\"type\":\"layout\",\"children\":[{\"type\":\"section\",\"props\":{\"style\":\"default\",\"width\":\"default\",\"vertical_align\":\"middle\",\"title_position\":\"top-left\",\"title_rotation\":\"left\",\"title_breakpoint\":\"xl\",\"image_position\":\"center-center\"},\"children\":[{\"type\":\"row\",\"children\":[{\"type\":\"column\",\"props\":{\"position_sticky_breakpoint\":\"m\",\"image_position\":\"center-center\",\"media_overlay_gradient\":\"\"},\"children\":[{\"type\":\"headline\",\"props\":{\"title_element\":\"h1\",\"content\":\"\n\n<p><strong>Pol\\u00edtica de Utilizaci\\u00f3n de Cookies<\\\/strong><\\\/p>\"}},{\"type\":\"text\",\"props\":{\"margin\":\"default\",\"column_breakpoint\":\"m\",\"content\":\"\n\n<p>Las cookies son peque\\u00f1os fragmentos de datos que se env\\u00edan\\u00a0 desde nuestro sitio web y que se almacenan en su navegador.<br \\\/>Al continuar utilizando el sitio web\\u00a0<a href=\\\"https:\\\/\\\/www.samsonite.pt\\\/\\\">www.diver.com.pt<\\\/a>, usted acepta nuestro uso de cookies.<br \\\/>Las cookies contienen informaci\\u00f3n que utilizamos para procesar pedidos y mejorar su experiencia.\\u00a0<br \\\/><br \\\/>Estes son los diferentes tipos de cookies que utilizamos en el sitio web:<br \\\/><br \\\/><strong>COOCKIES ORIGINALES<\\\/strong><\\\/p>\\n\n\n<p><br \\\/>Nosotros utilizamos cookies para asegurarnos de que le proporcionamos una experiencia de compra fluida. Estas cookies son necesarias para que el sitio funcione y no se pueden desactivar del sistema. Estas permitem el uso de la funcionalidad \\u201ca\\u00f1adir al carrito\\u201d y la \\u201c herramienta de comparaci\\u00f3n\\u201d. Una vez que cierre la sesi\\u00f3n, todas las cookies desaparecer\\u00e1n.<br \\\/><br \\\/>NOTA: Puede configurar su navegador para bloquear las cookies o para\\u00a0 que le avise sobre ellas, pero es posible que algunas partes del sitio no funcionen. Estas \\\"cookies\\\" no almacenan ninguna informaci\\u00f3n de identificaci\\u00f3n personal.<br \\\/><br \\\/><strong>COOKIES DE ACTUACI\\u00d3N<\\\/strong><\\\/p>\\n\n\n<p>Permiten recopilar datos an\\u00f3nimos que muestran\\u00a0 el funcionamiento interno del sitio. El Grupo Diver utiliza Google Analytics para ayudar a analizar c\\u00f3mo los visitantes usan el sitio y mejorar su experiencia de compra. Google Analytics utiliza cookies para recopilar informaci\\u00f3n de registros est\\u00e1ndar de Internet y informaci\\u00f3n sobre el comportamiento de los visitantes de forma an\\u00f3nima. Para optar por no participar en el seguimiento de Google Analytics, simplemente instale el siguiente complemento en su navegador: Navegador de exclusi\\u00f3n de Google Analytics.<br \\\/>Los detalles completos sobre las cookies que utiliza Google Analytics\\u00a0 se pueden encontrar\\u00a0<a href=\\\"https:\\\/\\\/developers.google.com\\\/analytics\\\/devguides\\\/collection\\\/analyticsjs\\\/cookie-usage?hl=pt-PT#overview\\\">AQUI<\\\/a>.<br \\\/><br \\\/><strong>COOKIES DE FUNCIONALIDAD<\\\/strong><\\\/p>\\n\n\n<p>Son utilizadas para aumentar la usabilidad de nuestro sitio web.<\\\/p>\\n\n\n<p><br \\\/>NOTA: Al usar la herramienta de Google Maps, la pol\\u00edtica de privacidad y los t\\u00e9rminos de uso de Google est\\u00e1n vigentes.<br \\\/><br \\\/><strong>COOKIES SOCIALES COMPARTIDAS<\\\/strong><\\\/p>\\n\n\n<p>El sitio web contiene botones sociales\\u00a0 que permiten a nuestros clientes compartir productos a trav\\u00e9s\\u00a0 de redes sociales como Facebook y Youtube. Al hacer clic con el bot\\u00f3n para compartir en redes sociales, la mayor\\u00eda establecer\\u00e1 una cookie de terceros. Por favor, tenga eso en cuenta.<br \\\/>Usamos el complemento de \\\"Me gusta\\\" para ayudarnos a comercializar\\\/comunicar nuestro negocio en la red. El complemento detecta si le ha dado \\\"Me Gusta\\\" a nuestra p\\u00e1gina de Facebook y utiliza esta informaci\\u00f3n para presentar un bot\\u00f3n de \\\"Me Gusta\\\" o un mensaje de \\\" Me Gusta\\\" con varios otros detalles de Facebook asociados.<\\\/p>\\n\n\n<p>Usamos Youtube para alojar contenido de v\\u00eddeo. Al ver una p\\u00e1gina en nuestro sitio web con un v\\u00eddeo de Youtube incrustado, crea al menos tres cookies. Usamos el servicio de Youtube para comodidad de nuestros visitantes, y podemos usarlo sobre la base de que Google mantiene su pol\\u00edtica de privacidad.<\\\/p>\\n\n\n<p><br \\\/><strong>COOKIES DE OBJETIVO<\\\/strong><\\\/p>\\n\n\n<p>El sitio Diver recibe parte de sus visitas a trav\\u00e9s de sitios asociados y anuncios web. Las cookies de terceros se configuran para ayudar a identificar la contribuci\\u00f3n de los sitios asociados a nuestro negocio. Adem\\u00e1s, algunos de los anuncios de Google pueden contener cookies de terceros.<br \\\/><br \\\/>\\u00bf\\u00a0Necesita m\\u00e1s informaci\\u00f3n sobre las cookies?\\u00a0\\u00a0Visite\\u00a0<a href=\\\"https:\\\/\\\/www.allaboutcookies.org\\\/\\\">www.allaboutcookies.org<\\\/a><\\\/p>\\n\n\n<p>Las \\\"cookies\\\" son peque\\u00f1as etiquetas de software que se almacenan en su computadora a trav\\u00e9s del navegador (browser), reteniendo solo informaci\\u00f3n relacionada con sus preferencias, sin incluir,\\u00a0 como tal, sus datos personales. La Diver podr\\u00e1 utilizar \\\"cookies\\\" con la finalidad de ayudar a determinar la utilidad, inter\\u00e9s y n\\u00famero de usos de sus sitios web, permitiendo una navegaci\\u00f3n m\\u00e1s r\\u00e1pida , eliminando la necesidad de introducir repetidamente\\u00a0 la misma informaci\\u00f3n. El uso de cookies es una pr\\u00e1ctica\\u00a0 normal entre los sitios web de Internet, y la mayor\\u00eda de los navegadores de Internet permiten al usuario aceptar, rechazar o eliminar cookies, es decir, seleccionando la configuraci\\u00f3n adecuada en el navegador respectivo.\\u00a0<br \\\/><br \\\/>Tenga en cuenta que a trav\\u00e9s de su navegador (browser) puede deshabilitar las cookies, ya sea para este sitio web o para todos los sitios web que visite.<\\\/p>\"}}]}]}]}],\"version\":\"2.7.16\"} --><\/p>\n","protected":false},"excerpt":{"rendered":"<p>Pol\u00edtica de Utilizaci\u00f3n de Cookies Las cookies son peque\u00f1os fragmentos de datos que se env\u00edan\u00a0 desde nuestro sitio web y que se almacenan en su navegador.Al continuar utilizando el sitio web\u00a0www.diver.com.pt, usted acepta nuestro uso de cookies.Las cookies contienen informaci\u00f3n que utilizamos para procesar pedidos y mejorar su experiencia.\u00a0 Estes son los diferentes tipos de [&hellip;]<\/p>\n","protected":false},"author":1,"featured_media":0,"parent":0,"menu_order":0,"comment_status":"closed","ping_status":"closed","template":"","meta":{"footnotes":""},"class_list":["post-932","page","type-page","status-publish","hentry"],"yoast_head":"<!-- This site is optimized with the Yoast SEO plugin v19.13 - https:\/\/yoast.com\/wordpress\/plugins\/seo\/ -->\n<title>Diver - Pol\u00edtica de uso de cookies<\/title>\n<meta name=\"robots\" content=\"index, follow, max-snippet:-1, max-image-preview:large, max-video-preview:-1\" \/>\n<link rel=\"canonical\" href=\"https:\/\/diver.com.pt\/es\/politica-de-uso-de-cookies\/\" \/>\n<meta property=\"og:locale\" content=\"es_ES\" \/>\n<meta property=\"og:type\" content=\"article\" \/>\n<meta property=\"og:title\" content=\"Diver - Pol\u00edtica de uso de cookies\" \/>\n<meta property=\"og:description\" content=\"Pol\u00edtica de Utilizaci\u00f3n de Cookies Las cookies son peque\u00f1os fragmentos de datos que se env\u00edan\u00a0 desde nuestro sitio web y que se almacenan en su navegador.Al continuar utilizando el sitio web\u00a0www.diver.com.pt, usted acepta nuestro uso de cookies.Las cookies contienen informaci\u00f3n que utilizamos para procesar pedidos y mejorar su experiencia.\u00a0 Estes son los diferentes tipos de [&hellip;]\" \/>\n<meta property=\"og:url\" content=\"https:\/\/diver.com.pt\/es\/politica-de-uso-de-cookies\/\" \/>\n<meta property=\"og:site_name\" content=\"Diver\" \/>\n<meta property=\"article:publisher\" content=\"https:\/\/www.facebook.com\/diverlanhoso\" \/>\n<meta property=\"article:modified_time\" content=\"2022-05-07T15:47:50+00:00\" \/>\n<meta name=\"twitter:card\" content=\"summary_large_image\" \/>\n<script type=\"application\/ld+json\" class=\"yoast-schema-graph\">{\"@context\":\"https:\/\/schema.org\",\"@graph\":[{\"@type\":\"WebPage\",\"@id\":\"https:\/\/diver.com.pt\/es\/politica-de-uso-de-cookies\/\",\"url\":\"https:\/\/diver.com.pt\/es\/politica-de-uso-de-cookies\/\",\"name\":\"Diver - Pol\u00edtica de uso de cookies\",\"isPartOf\":{\"@id\":\"https:\/\/diver.com.pt\/es\/#website\"},\"datePublished\":\"2022-02-04T16:59:22+00:00\",\"dateModified\":\"2022-05-07T15:47:50+00:00\",\"breadcrumb\":{\"@id\":\"https:\/\/diver.com.pt\/es\/politica-de-uso-de-cookies\/#breadcrumb\"},\"inLanguage\":\"es\",\"potentialAction\":[{\"@type\":\"ReadAction\",\"target\":[\"https:\/\/diver.com.pt\/es\/politica-de-uso-de-cookies\/\"]}]},{\"@type\":\"BreadcrumbList\",\"@id\":\"https:\/\/diver.com.pt\/es\/politica-de-uso-de-cookies\/#breadcrumb\",\"itemListElement\":[{\"@type\":\"ListItem\",\"position\":1,\"name\":\"Comienzo\",\"item\":\"https:\/\/diver.com.pt\/es\/\"},{\"@type\":\"ListItem\",\"position\":2,\"name\":\"Pol\u00edtica de uso de cookies\"}]},{\"@type\":\"WebSite\",\"@id\":\"https:\/\/diver.com.pt\/es\/#website\",\"url\":\"https:\/\/diver.com.pt\/es\/\",\"name\":\"Diver\",\"description\":\"Grupo Diver\",\"publisher\":{\"@id\":\"https:\/\/diver.com.pt\/es\/#organization\"},\"potentialAction\":[{\"@type\":\"SearchAction\",\"target\":{\"@type\":\"EntryPoint\",\"urlTemplate\":\"https:\/\/diver.com.pt\/es\/?s={search_term_string}\"},\"query-input\":\"required name=search_term_string\"}],\"inLanguage\":\"es\"},{\"@type\":\"Organization\",\"@id\":\"https:\/\/diver.com.pt\/es\/#organization\",\"name\":\"Grupo Diver\",\"url\":\"https:\/\/diver.com.pt\/es\/\",\"logo\":{\"@type\":\"ImageObject\",\"inLanguage\":\"es\",\"@id\":\"https:\/\/diver.com.pt\/es\/#\/schema\/logo\/image\/\",\"url\":\"https:\/\/diver.com.pt\/wp-content\/uploads\/2022\/02\/FAV-ICON-05.svg\",\"contentUrl\":\"https:\/\/diver.com.pt\/wp-content\/uploads\/2022\/02\/FAV-ICON-05.svg\",\"caption\":\"Grupo Diver\"},\"image\":{\"@id\":\"https:\/\/diver.com.pt\/es\/#\/schema\/logo\/image\/\"},\"sameAs\":[\"https:\/\/www.instagram.com\/diverlanhoso\",\"https:\/\/www.facebook.com\/diverlanhoso\"]}]}<\/script>\n<!-- \/ Yoast SEO plugin. -->","yoast_head_json":{"title":"Diver - Pol\u00edtica de uso de cookies","robots":{"index":"index","follow":"follow","max-snippet":"max-snippet:-1","max-image-preview":"max-image-preview:large","max-video-preview":"max-video-preview:-1"},"canonical":"https:\/\/diver.com.pt\/es\/politica-de-uso-de-cookies\/","og_locale":"es_ES","og_type":"article","og_title":"Diver - Pol\u00edtica de uso de cookies","og_description":"Pol\u00edtica de Utilizaci\u00f3n de Cookies Las cookies son peque\u00f1os fragmentos de datos que se env\u00edan\u00a0 desde nuestro sitio web y que se almacenan en su navegador.Al continuar utilizando el sitio web\u00a0www.diver.com.pt, usted acepta nuestro uso de cookies.Las cookies contienen informaci\u00f3n que utilizamos para procesar pedidos y mejorar su experiencia.\u00a0 Estes son los diferentes tipos de [&hellip;]","og_url":"https:\/\/diver.com.pt\/es\/politica-de-uso-de-cookies\/","og_site_name":"Diver","article_publisher":"https:\/\/www.facebook.com\/diverlanhoso","article_modified_time":"2022-05-07T15:47:50+00:00","twitter_card":"summary_large_image","schema":{"@context":"https:\/\/schema.org","@graph":[{"@type":"WebPage","@id":"https:\/\/diver.com.pt\/es\/politica-de-uso-de-cookies\/","url":"https:\/\/diver.com.pt\/es\/politica-de-uso-de-cookies\/","name":"Diver - Pol\u00edtica de uso de cookies","isPartOf":{"@id":"https:\/\/diver.com.pt\/es\/#website"},"datePublished":"2022-02-04T16:59:22+00:00","dateModified":"2022-05-07T15:47:50+00:00","breadcrumb":{"@id":"https:\/\/diver.com.pt\/es\/politica-de-uso-de-cookies\/#breadcrumb"},"inLanguage":"es","potentialAction":[{"@type":"ReadAction","target":["https:\/\/diver.com.pt\/es\/politica-de-uso-de-cookies\/"]}]},{"@type":"BreadcrumbList","@id":"https:\/\/diver.com.pt\/es\/politica-de-uso-de-cookies\/#breadcrumb","itemListElement":[{"@type":"ListItem","position":1,"name":"Comienzo","item":"https:\/\/diver.com.pt\/es\/"},{"@type":"ListItem","position":2,"name":"Pol\u00edtica de uso de cookies"}]},{"@type":"WebSite","@id":"https:\/\/diver.com.pt\/es\/#website","url":"https:\/\/diver.com.pt\/es\/","name":"Diver","description":"Grupo Diver","publisher":{"@id":"https:\/\/diver.com.pt\/es\/#organization"},"potentialAction":[{"@type":"SearchAction","target":{"@type":"EntryPoint","urlTemplate":"https:\/\/diver.com.pt\/es\/?s={search_term_string}"},"query-input":"required name=search_term_string"}],"inLanguage":"es"},{"@type":"Organization","@id":"https:\/\/diver.com.pt\/es\/#organization","name":"Grupo Diver","url":"https:\/\/diver.com.pt\/es\/","logo":{"@type":"ImageObject","inLanguage":"es","@id":"https:\/\/diver.com.pt\/es\/#\/schema\/logo\/image\/","url":"https:\/\/diver.com.pt\/wp-content\/uploads\/2022\/02\/FAV-ICON-05.svg","contentUrl":"https:\/\/diver.com.pt\/wp-content\/uploads\/2022\/02\/FAV-ICON-05.svg","caption":"Grupo Diver"},"image":{"@id":"https:\/\/diver.com.pt\/es\/#\/schema\/logo\/image\/"},"sameAs":["https:\/\/www.instagram.com\/diverlanhoso","https:\/\/www.facebook.com\/diverlanhoso"]}]}},"_links":{"self":[{"href":"https:\/\/diver.com.pt\/es\/wp-json\/wp\/v2\/pages\/932","targetHints":{"allow":["GET"]}}],"collection":[{"href":"https:\/\/diver.com.pt\/es\/wp-json\/wp\/v2\/pages"}],"about":[{"href":"https:\/\/diver.com.pt\/es\/wp-json\/wp\/v2\/types\/page"}],"author":[{"embeddable":true,"href":"https:\/\/diver.com.pt\/es\/wp-json\/wp\/v2\/users\/1"}],"replies":[{"embeddable":true,"href":"https:\/\/diver.com.pt\/es\/wp-json\/wp\/v2\/comments?post=932"}],"version-history":[{"count":3,"href":"https:\/\/diver.com.pt\/es\/wp-json\/wp\/v2\/pages\/932\/revisions"}],"predecessor-version":[{"id":1232,"href":"https:\/\/diver.com.pt\/es\/wp-json\/wp\/v2\/pages\/932\/revisions\/1232"}],"wp:attachment":[{"href":"https:\/\/diver.com.pt\/es\/wp-json\/wp\/v2\/media?parent=932"}],"curies":[{"name":"wp","href":"https:\/\/api.w.org\/{rel}","templated":true}]}}