{"id":930,"date":"2022-02-04T17:00:31","date_gmt":"2022-02-04T17:00:31","guid":{"rendered":"https:\/\/diver.com.pt\/?page_id=930"},"modified":"2022-05-07T15:40:29","modified_gmt":"2022-05-07T15:40:29","slug":"politica-de-privacidad","status":"publish","type":"page","link":"https:\/\/diver.com.pt\/es\/politica-de-privacidad\/","title":{"rendered":"Pol\u00edtica de Privacidad"},"content":{"rendered":"<h1>\n<p class=\"uk-h1 uk-text-truncate\">Pol\u00edtica de privacidad<\/p>\n<\/h1>\n<div>\n<p><span><strong>ALCANCE DEL CONTRATO<\/strong><\/span><\/p>\n<p>Las presentes Condiciones Generales de Compra se aplican a la venta de todos los art\u00edculos y servicios que ofrece la Diver, a trav\u00e9s de su p\u00e1gina web (.pt) a consumidores residentes en Portugal, Madeira y Azores.<br \/>La Diver\u00a0 informa en su p\u00e1gina web que se dirige exclusivamente a un p\u00fablico mayor de 18 a\u00f1os y se reserva el derecho de cancelar la cuenta de acceso del usuario, en caso de incumplimento de la edad legal para la compra.<\/p>\n<p><span><strong>RECOPILACI\u00d3N Y USO DE INFORMACI\u00d3N<\/strong><\/span><\/p>\n<p>La presente Pol\u00edtica de Privacidad regula la pol\u00edtica de navegaci\u00f3n y uso de cookies, as\u00ed como el procesamiento de datos personales llevado a cabo en la p\u00e1gina web <a href=\"http:\/\/www.diverestrela.pt\/\">http:\/\/www.diver.pt<\/a> (de ahora en adelante, tambi\u00e9n designado por \u201csitio\u201d).<br \/>La utilizaci\u00f3n del sitio web atribuye la condici\u00f3n de cliente (de ahora en adelante, tambi\u00e9n designado por el \u201cusuario\u201d) y implica el conocimento y la aceptaci\u00f3n de todas las condiciones incluidas en esta Pol\u00edtica de Privacidad.<\/p>\n<p>El usuario debe leer atentamente la presente Pol\u00edtica de Privacidad siempre cada vez que pretenda utilizar el sitio, ya que puede sufrir modificaciones.<\/p>\n<p>La Diver lleva muy seriamente la protecci\u00f3n de su privacidad y sus datos personales. El prop\u00f3sito de esta Pol\u00edtica de Privacidad\u00a0 es informarle sobre qu\u00e9 datos recopilamos, c\u00f3mo podemos usar esa informaci\u00f3n y c\u00f3mo se puede corregir o cambiar.<\/p>\n<p>El cumplimiento de la Ley n\u00ba 67\/98 de 26 de Octubre, referente a la Protecci\u00f3n de Datos Personales, le informamos que el tratamiento de los datos personales recogidos en el sitio web es de la responsabilidad de la Diver.<br \/>La recopilaci\u00f3n de datos significa que su nombre, t\u00edtulo, direcci\u00f3n, n\u00famero de tel\u00e9fono, direcci\u00f3n de correo electr\u00f3nico, n\u00famero de tarjeta de cr\u00e9dito y otra informaci\u00f3n similar ser\u00e1n registradas cuando realice un pedido en l\u00ednea, se suscriba a nuestro bolet\u00edn informativo o ayude a completar ciertos campos cuando participe en un concurso o evento.<br \/>Los datos recogidos en este sitio web est\u00e1n destinados al procesamiento de pedidos y la comunicaci\u00f3n con los clientes,\u00a0 el procesamiento de solicitudes de informaci\u00f3n y de cualquier queja, an\u00e1lisis estat\u00edstica, as\u00ed como su uso con fines de marketing directo.<\/p>\n<p><u>NOTA:<\/u>\u00a0 Su informaci\u00f3n es estrictamente\u00a0<strong>CONFIDENCIAL y solo con su consentimiento puede ser compartida<\/strong>\u00a0o transferida a entidades terceras.<\/p>\n<p><span><strong>SEGURIDAD DE SUS DATOS PERSONALES<\/strong><\/span><\/p>\n<p>El usuario siempre tiene la opci\u00f3n de aceptar o rechazar las condiciones legales bajo las cuales facilitar\u00e1 estos datos. En caso de acuerdo, estos datos son siempre facilitados por el usuario de forma voluntaria, con indicaci\u00f3n previa para el efecto en el cuadro correspondiente.<br \/>El usuario tiene el derecho a acceder, en cualquiera momento, a esta informaci\u00f3n, pudiendo\u00a0 rectificarla, cancelarla y oponerse. Adem\u00e1s,\u00a0 puede pedir en cualquier momento dejar de ser contactado para fines de marketing directo.<br \/>El usuario puede ejercer estos derechos, enviando la respectiva solicitud a la direcci\u00f3n de correo eletr\u00f3nico <a href=\"mailto:info@diver.com.pt\">info@diver.com.pt<\/a><\/p>\n<p><span><strong>COOKIES<\/strong><\/span><\/p>\n<p>El sitio web utiliza \u201ccookies\u201d,\u00a0para permitirnos rastrear sus visitas y para facilitar el proceso de compras. Cuando sea necesario, le pediremos su consentimiento.<br \/>Puede configurar\u00a0 su navegador para\u00a0 que le notifique cuando recibe una cookie y, tambi\u00e9n puede, desactivar las cookies. Al optar por esta \u00faltima opci\u00f3n, tenga en cuenta que algunas funciones del sitio web pueden estar inactivas.<\/p>\n<p>Para obtener m\u00e1s informaci\u00f3n, por favor consulte nuestra Pol\u00edtica de Cookies.<\/p>\n<p><span><strong>PROPRIEDAD INTELECTUAL Y COPYRIGHT<\/strong><\/span><\/p>\n<p>Toda la informaci\u00f3n contenida en este sitio web,\u00a0 su dise\u00f1o gr\u00e1fico, as\u00ed como su c\u00f3digo fuente, constituyen una obra cuya propriedad intelectual pertenece a la Diver.<br \/>La distribuci\u00f3n, modificaci\u00f3n, cesi\u00f3n, comunicaci\u00f3n p\u00fablica y cualquier otro acto que no haya sido expresamente autorizado por el titular de los derechos de explotaci\u00f3n est\u00e1n prohibidos.<br \/>La marca y su logotipo son marcas registradas, por lo que cualquiera utilizaci\u00f3n est\u00e1 totalmente prohibida sin al autorizaci\u00f3n expresa del titular.<br \/>Los nombres de dominio\u00a0<a href=\"http:\/\/diverestrela.pt\">diverestrela.pt<\/a> y otros dominios cuya propriedad es de la Diver, no pueden ser utilizados en asociaciones con otros productos o servicios que no sean de la Diver, y no pueden ser utilizados de alguna forma que pueda causar confusi\u00f3n entre nuestros clientes y\/o desacreditar a la Diver.<\/p>\n<p><span><strong>LIMITACI\u00d3N DE RESPONSABILIDADES<\/strong><\/span><\/p>\n<p>Diver queda exonerada de cualquiera responsabilidad derivada de lo siguiente: fallos del sitio causados por motivos de fuerza mayor, casos fortuitos u otras causas no imputables a \u00e9l, problemas t\u00e9cnicos y\/o mec\u00e1nicos, virus \u201cproducidos\u201d durante la conexi\u00f3n a internet, ya sea a trav\u00e9s del sitio web o de sitios web de terceros, en los sistemas inform\u00e1ticos (software y hardware), en los documentos y archivos electr\u00f3nicos almacenados en los equipos inform\u00e1ticos, el acesso de menores de edad a los contenidos incluidos en el sitio web, siendo la responsabilidad de los respectivos progenitores o tutores ejercer un control adecuado sobre la atividad de los hijos o menores a su cargo.<\/p>\n<p>\u00a0Diver no se hace responsable por actos fraudulentos, especulativos o de mala f\u00e9 en el uso de este servicio..<br \/>El sitio web diverestrelapt\u00a0puede proporcionar enlaces para otros sitios webs. Por favor, tenga en cuenta desde el momento que abandona nuestro sitio web y entra en otro, puede estar sujeto a diferentes pr\u00e1cticas y pol\u00edticas de privacidad sobre las que no tenemos control y de las que usted no es responsable de su veracidad, actualizaci\u00f3n y licitud de los contenidos.<\/p>\n<p>Diver no es responsable de las comunicaciones que, incluido el nombre de Diver, no hayan\u00a0 sido previamente autorizadas por la Diver. Para este efecto, le informamos que todas las comunicaciones relativas a acciones o invitaciones para participar en alg\u00fan\u00a0 evento relacionado con la marca ser\u00e1n siempre publicadas en la web oficial.<\/p>\n<p><span><strong>POL\u00cdTICA DE PRIVACIDAD<\/strong><\/span><\/p>\n<p style=\"margin: 15.0pt 0cm 15.0pt 0cm;\"><span style=\"font-size: 12.0pt; font-family: Montserrat; color: #6c6d74;\">Esta Pol\u00edtica de Privacidad le proporciona toda la informaci\u00f3n necesaria para decidir si desea utilizar esta p\u00e1gina o no. Al usarlo y al interactuar con nosotros, reconoce y acepta la pol\u00edtica de privacidad y nos autoriza a procesar sus datos personales.<o:p><\/o:p><\/span><\/p>\n<p><span><strong>PERGUNTAS SOBRE ESTA POL\u00cdTICA DE PRIVACIDAD<\/strong><\/span><\/p>\n<p>Si tiene alguna duda sobre esta Pol\u00edtica de Privacidad, cont\u00e1ctenos a trav\u00e9s de la p\u00e1gina de contacto de nuestro sitio web.<\/p>\n<p><span><strong>SUGERENCIAS Y RECLAMACIONES<\/strong><\/span><\/p>\n<p style=\"margin: 15.0pt 0cm 0cm 0cm;\"><span style=\"font-size: 12.0pt; font-family: Montserrat; color: #6c6d74;\">Las sugerencias y reclamaciones podr\u00e1n ser enviadas por correo a la direcci\u00f3n \u2013 Parque Aventura DiverLanhoso. Rua do Baldio, Oliveira. 4830-602 P\u00f3voa de Lanhoso- marca do Grupo Diver.<o:p><\/o:p><\/span><\/p>\n<\/div>\n<p><!--more--><br \/>\n<!-- {\"name\":\"politica de privacidade pt\",\"type\":\"layout\",\"children\":[{\"type\":\"section\",\"props\":{\"style\":\"default\",\"width\":\"default\",\"vertical_align\":\"middle\",\"title_position\":\"top-left\",\"title_rotation\":\"left\",\"title_breakpoint\":\"xl\",\"image_position\":\"center-center\"},\"children\":[{\"type\":\"row\",\"children\":[{\"type\":\"column\",\"props\":{\"position_sticky_breakpoint\":\"m\",\"image_position\":\"center-center\",\"media_overlay_gradient\":\"\"},\"children\":[{\"type\":\"headline\",\"props\":{\"title_element\":\"h1\",\"content\":\"\n\n<p class=\\\"uk-h1 uk-text-truncate\\\">Pol\\u00edtica de privacidad<\\\/p>\"}},{\"type\":\"text\",\"props\":{\"margin\":\"default\",\"column_breakpoint\":\"m\",\"content\":\"\n\n<p><span><strong>ALCANCE DEL CONTRATO<\\\/strong><\\\/span><\\\/p>\\n\n\n<p>Las presentes Condiciones Generales de Compra se aplican a la venta de todos los art\\u00edculos y servicios que ofrece la Diver, a trav\\u00e9s de su p\\u00e1gina web (.pt) a consumidores residentes en Portugal, Madeira y Azores.<br \\\/>La Diver\\u00a0 informa en su p\\u00e1gina web que se dirige exclusivamente a un p\\u00fablico mayor de 18 a\\u00f1os y se reserva el derecho de cancelar la cuenta de acceso del usuario, en caso de incumplimento de la edad legal para la compra.<\\\/p>\\n\n\n<p><br \\\/><span><strong>RECOPILACI\\u00d3N Y USO DE INFORMACI\\u00d3N<\\\/strong><\\\/span><\\\/p>\\n\n\n<p>La presente Pol\\u00edtica de Privacidad regula la pol\\u00edtica de navegaci\\u00f3n y uso de cookies, as\\u00ed como el procesamiento de datos personales llevado a cabo en la p\\u00e1gina web <a href=\\\"http:\\\/\\\/www.diverestrela.pt\\\/\\\">http:\\\/\\\/www.diver.pt<\\\/a> (de ahora en adelante, tambi\\u00e9n designado por \\u201csitio\\u201d).<br \\\/>La utilizaci\\u00f3n del sitio web atribuye la condici\\u00f3n de cliente (de ahora en adelante, tambi\\u00e9n designado por el \\u201cusuario\\u201d) y implica el conocimento y la aceptaci\\u00f3n de todas las condiciones incluidas en esta Pol\\u00edtica de Privacidad.<\\\/p>\\n\n\n<p>El usuario debe leer atentamente la presente Pol\\u00edtica de Privacidad siempre cada vez que pretenda utilizar el sitio, ya que puede sufrir modificaciones.<\\\/p>\\n\n\n<p>La Diver lleva muy seriamente la protecci\\u00f3n de su privacidad y sus datos personales. El prop\\u00f3sito de esta Pol\\u00edtica de Privacidad\\u00a0 es informarle sobre qu\\u00e9 datos recopilamos, c\\u00f3mo podemos usar esa informaci\\u00f3n y c\\u00f3mo se puede corregir o cambiar.<br \\\/><br \\\/>El cumplimiento de la Ley n\\u00ba 67\\\/98 de 26 de Octubre, referente a la Protecci\\u00f3n de Datos Personales, le informamos que el tratamiento de los datos personales recogidos en el sitio web es de la responsabilidad de la Diver.<br \\\/>La recopilaci\\u00f3n de datos significa que su nombre, t\\u00edtulo, direcci\\u00f3n, n\\u00famero de tel\\u00e9fono, direcci\\u00f3n de correo electr\\u00f3nico, n\\u00famero de tarjeta de cr\\u00e9dito y otra informaci\\u00f3n similar ser\\u00e1n registradas cuando realice un pedido en l\\u00ednea, se suscriba a nuestro bolet\\u00edn informativo o ayude a completar ciertos campos cuando participe en un concurso o evento.<br \\\/>Los datos recogidos en este sitio web est\\u00e1n destinados al procesamiento de pedidos y la comunicaci\\u00f3n con los clientes,\\u00a0 el procesamiento de solicitudes de informaci\\u00f3n y de cualquier queja, an\\u00e1lisis estat\\u00edstica, as\\u00ed como su uso con fines de marketing directo.<br \\\/><br \\\/><u>NOTA:<\\\/u>\\u00a0 Su informaci\\u00f3n es estrictamente\\u00a0<strong>CONFIDENCIAL y solo con su consentimiento puede ser compartida<\\\/strong>\\u00a0o transferida a entidades terceras.<\\\/p>\\n\n\n<p><br \\\/><span><strong>SEGURIDAD DE SUS DATOS PERSONALES<\\\/strong><\\\/span><\\\/p>\\n\n\n<p>El usuario siempre tiene la opci\\u00f3n de aceptar o rechazar las condiciones legales bajo las cuales facilitar\\u00e1 estos datos. En caso de acuerdo, estos datos son siempre facilitados por el usuario de forma voluntaria, con indicaci\\u00f3n previa para el efecto en el cuadro correspondiente.<br \\\/>El usuario tiene el derecho a acceder, en cualquiera momento, a esta informaci\\u00f3n, pudiendo\\u00a0 rectificarla, cancelarla y oponerse. Adem\\u00e1s,\\u00a0 puede pedir en cualquier momento dejar de ser contactado para fines de marketing directo.<br \\\/>El usuario puede ejercer estos derechos, enviando la respectiva solicitud a la direcci\\u00f3n de correo eletr\\u00f3nico <a href=\\\"mailto:info@diver.com.pt\\\">info@diver.com.pt<\\\/a><br \\\/><br \\\/><span><strong>COOKIES<\\\/strong><\\\/span><\\\/p>\\n\n\n<p>El sitio web utiliza \\u201ccookies\\u201d,\\u00a0para permitirnos rastrear sus visitas y para facilitar el proceso de compras. Cuando sea necesario, le pediremos su consentimiento.<br \\\/>Puede configurar\\u00a0 su navegador para\\u00a0 que le notifique cuando recibe una cookie y, tambi\\u00e9n puede, desactivar las cookies. Al optar por esta \\u00faltima opci\\u00f3n, tenga en cuenta que algunas funciones del sitio web pueden estar inactivas.<\\\/p>\\n\n\n<p>Para obtener m\\u00e1s informaci\\u00f3n, por favor consulte nuestra Pol\\u00edtica de Cookies.<\\\/p>\\n\n\n<p><br \\\/><span><strong>PROPRIEDAD INTELECTUAL Y COPYRIGHT<\\\/strong><\\\/span><\\\/p>\\n\n\n<p>Toda la informaci\\u00f3n contenida en este sitio web,\\u00a0 su dise\\u00f1o gr\\u00e1fico, as\\u00ed como su c\\u00f3digo fuente, constituyen una obra cuya propriedad intelectual pertenece a la Diver.<br \\\/>La distribuci\\u00f3n, modificaci\\u00f3n, cesi\\u00f3n, comunicaci\\u00f3n p\\u00fablica y cualquier otro acto que no haya sido expresamente autorizado por el titular de los derechos de explotaci\\u00f3n est\\u00e1n prohibidos.<br \\\/>La marca y su logotipo son marcas registradas, por lo que cualquiera utilizaci\\u00f3n est\\u00e1 totalmente prohibida sin al autorizaci\\u00f3n expresa del titular.<br \\\/>Los nombres de dominio\\u00a0<a href=\\\"http:\\\/\\\/diverestrela.pt\\\">diverestrela.pt<\\\/a> y otros dominios cuya propriedad es de la Diver, no pueden ser utilizados en asociaciones con otros productos o servicios que no sean de la Diver, y no pueden ser utilizados de alguna forma que pueda causar confusi\\u00f3n entre nuestros clientes y\\\/o desacreditar a la Diver.<br \\\/><br \\\/><span><strong>LIMITACI\\u00d3N DE RESPONSABILIDADES<\\\/strong><\\\/span><\\\/p>\\n\n\n<p>Diver queda exonerada de cualquiera responsabilidad derivada de lo siguiente: fallos del sitio causados por motivos de fuerza mayor, casos fortuitos u otras causas no imputables a \\u00e9l, problemas t\\u00e9cnicos y\\\/o mec\\u00e1nicos, virus \\u201cproducidos\\u201d durante la conexi\\u00f3n a internet, ya sea a trav\\u00e9s del sitio web o de sitios web de terceros, en los sistemas inform\\u00e1ticos (software y hardware), en los documentos y archivos electr\\u00f3nicos almacenados en los equipos inform\\u00e1ticos, el acesso de menores de edad a los contenidos incluidos en el sitio web, siendo la responsabilidad de los respectivos progenitores o tutores ejercer un control adecuado sobre la atividad de los hijos o menores a su cargo.<\\\/p>\\n\n\n<p><br \\\/>\\u00a0Diver no se hace responsable por actos fraudulentos, especulativos o de mala f\\u00e9 en el uso de este servicio..<br \\\/>El sitio web diverestrelapt\\u00a0puede proporcionar enlaces para otros sitios webs. Por favor, tenga en cuenta desde el momento que abandona nuestro sitio web y entra en otro, puede estar sujeto a diferentes pr\\u00e1cticas y pol\\u00edticas de privacidad sobre las que no tenemos control y de las que usted no es responsable de su veracidad, actualizaci\\u00f3n y licitud de los contenidos.<\\\/p>\\n\n\n<p><br \\\/>Diver no es responsable de las comunicaciones que, incluido el nombre de Diver, no hayan\\u00a0 sido previamente autorizadas por la Diver. Para este efecto, le informamos que todas las comunicaciones relativas a acciones o invitaciones para participar en alg\\u00fan\\u00a0 evento relacionado con la marca ser\\u00e1n siempre publicadas en la web oficial.<br \\\/><br \\\/><span><strong>POL\\u00cdTICA DE PRIVACIDAD<\\\/strong><\\\/span><\\\/p>\\n\n\n<p style=\\\"margin: 15.0pt 0cm 15.0pt 0cm;\\\"><span style=\\\"font-size: 12.0pt; font-family: Montserrat; color: #6c6d74;\\\">Esta Pol\\u00edtica de Privacidad le proporciona toda la informaci\\u00f3n necesaria para decidir si desea utilizar esta p\\u00e1gina o no. Al usarlo y al interactuar con nosotros, reconoce y acepta la pol\\u00edtica de privacidad y nos autoriza a procesar sus datos personales.<o:p><\\\/o:p><\\\/span><\\\/p>\\n\n\n<p><br \\\/><span><strong>PERGUNTAS SOBRE ESTA POL\\u00cdTICA DE PRIVACIDAD<\\\/strong><\\\/span><\\\/p>\\n\n\n<p>Si tiene alguna duda sobre esta Pol\\u00edtica de Privacidad, cont\\u00e1ctenos a trav\\u00e9s de la p\\u00e1gina de contacto de nuestro sitio web.<br \\\/><br \\\/><span><strong>SUGERENCIAS Y RECLAMACIONES<\\\/strong><\\\/span><\\\/p>\\n\n\n<p style=\\\"margin: 15.0pt 0cm 0cm 0cm;\\\"><span style=\\\"font-size: 12.0pt; font-family: Montserrat; color: #6c6d74;\\\">Las sugerencias y reclamaciones podr\\u00e1n ser enviadas por correo a la direcci\\u00f3n \\u2013 Parque Aventura DiverLanhoso. Rua do Baldio, Oliveira. 4830-602 P\\u00f3voa de Lanhoso- marca do Grupo Diver.<o:p><\\\/o:p><\\\/span><\\\/p>\"}}]}]}]}],\"version\":\"2.7.16\"} --><\/p>\n","protected":false},"excerpt":{"rendered":"<p>Pol\u00edtica de privacidad ALCANCE DEL CONTRATO Las presentes Condiciones Generales de Compra se aplican a la venta de todos los art\u00edculos y servicios que ofrece la Diver, a trav\u00e9s de su p\u00e1gina web (.pt) a consumidores residentes en Portugal, Madeira y Azores.La Diver\u00a0 informa en su p\u00e1gina web que se dirige exclusivamente a un p\u00fablico [&hellip;]<\/p>\n","protected":false},"author":1,"featured_media":0,"parent":0,"menu_order":0,"comment_status":"closed","ping_status":"closed","template":"","meta":{"footnotes":""},"class_list":["post-930","page","type-page","status-publish","hentry"],"yoast_head":"<!-- This site is optimized with the Yoast SEO plugin v19.13 - https:\/\/yoast.com\/wordpress\/plugins\/seo\/ -->\n<title>Diver - Pol\u00edtica de Privacidad<\/title>\n<meta name=\"robots\" content=\"noindex, follow\" \/>\n<meta property=\"og:locale\" content=\"es_ES\" \/>\n<meta property=\"og:type\" content=\"article\" \/>\n<meta property=\"og:title\" content=\"Diver - Pol\u00edtica de Privacidad\" \/>\n<meta property=\"og:description\" content=\"Pol\u00edtica de privacidad ALCANCE DEL CONTRATO Las presentes Condiciones Generales de Compra se aplican a la venta de todos los art\u00edculos y servicios que ofrece la Diver, a trav\u00e9s de su p\u00e1gina web (.pt) a consumidores residentes en Portugal, Madeira y Azores.La Diver\u00a0 informa en su p\u00e1gina web que se dirige exclusivamente a un p\u00fablico [&hellip;]\" \/>\n<meta property=\"og:url\" content=\"https:\/\/diver.com.pt\/es\/politica-de-privacidad\/\" \/>\n<meta property=\"og:site_name\" content=\"Diver\" \/>\n<meta property=\"article:publisher\" content=\"https:\/\/www.facebook.com\/diverlanhoso\" \/>\n<meta property=\"article:modified_time\" content=\"2022-05-07T15:40:29+00:00\" \/>\n<meta name=\"twitter:card\" content=\"summary_large_image\" \/>\n<script type=\"application\/ld+json\" class=\"yoast-schema-graph\">{\"@context\":\"https:\/\/schema.org\",\"@graph\":[{\"@type\":\"WebPage\",\"@id\":\"https:\/\/diver.com.pt\/es\/politica-de-privacidad\/\",\"url\":\"https:\/\/diver.com.pt\/es\/politica-de-privacidad\/\",\"name\":\"Diver - Pol\u00edtica de Privacidad\",\"isPartOf\":{\"@id\":\"https:\/\/diver.com.pt\/es\/#website\"},\"datePublished\":\"2022-02-04T17:00:31+00:00\",\"dateModified\":\"2022-05-07T15:40:29+00:00\",\"breadcrumb\":{\"@id\":\"https:\/\/diver.com.pt\/es\/politica-de-privacidad\/#breadcrumb\"},\"inLanguage\":\"es\",\"potentialAction\":[{\"@type\":\"ReadAction\",\"target\":[\"https:\/\/diver.com.pt\/es\/politica-de-privacidad\/\"]}]},{\"@type\":\"BreadcrumbList\",\"@id\":\"https:\/\/diver.com.pt\/es\/politica-de-privacidad\/#breadcrumb\",\"itemListElement\":[{\"@type\":\"ListItem\",\"position\":1,\"name\":\"Comienzo\",\"item\":\"https:\/\/diver.com.pt\/es\/\"},{\"@type\":\"ListItem\",\"position\":2,\"name\":\"Pol\u00edtica de Privacidad\"}]},{\"@type\":\"WebSite\",\"@id\":\"https:\/\/diver.com.pt\/es\/#website\",\"url\":\"https:\/\/diver.com.pt\/es\/\",\"name\":\"Diver\",\"description\":\"Grupo Diver\",\"publisher\":{\"@id\":\"https:\/\/diver.com.pt\/es\/#organization\"},\"potentialAction\":[{\"@type\":\"SearchAction\",\"target\":{\"@type\":\"EntryPoint\",\"urlTemplate\":\"https:\/\/diver.com.pt\/es\/?s={search_term_string}\"},\"query-input\":\"required name=search_term_string\"}],\"inLanguage\":\"es\"},{\"@type\":\"Organization\",\"@id\":\"https:\/\/diver.com.pt\/es\/#organization\",\"name\":\"Grupo Diver\",\"url\":\"https:\/\/diver.com.pt\/es\/\",\"logo\":{\"@type\":\"ImageObject\",\"inLanguage\":\"es\",\"@id\":\"https:\/\/diver.com.pt\/es\/#\/schema\/logo\/image\/\",\"url\":\"https:\/\/diver.com.pt\/wp-content\/uploads\/2022\/02\/FAV-ICON-05.svg\",\"contentUrl\":\"https:\/\/diver.com.pt\/wp-content\/uploads\/2022\/02\/FAV-ICON-05.svg\",\"caption\":\"Grupo Diver\"},\"image\":{\"@id\":\"https:\/\/diver.com.pt\/es\/#\/schema\/logo\/image\/\"},\"sameAs\":[\"https:\/\/www.instagram.com\/diverlanhoso\",\"https:\/\/www.facebook.com\/diverlanhoso\"]}]}<\/script>\n<!-- \/ Yoast SEO plugin. -->","yoast_head_json":{"title":"Diver - Pol\u00edtica de Privacidad","robots":{"index":"noindex","follow":"follow"},"og_locale":"es_ES","og_type":"article","og_title":"Diver - Pol\u00edtica de Privacidad","og_description":"Pol\u00edtica de privacidad ALCANCE DEL CONTRATO Las presentes Condiciones Generales de Compra se aplican a la venta de todos los art\u00edculos y servicios que ofrece la Diver, a trav\u00e9s de su p\u00e1gina web (.pt) a consumidores residentes en Portugal, Madeira y Azores.La Diver\u00a0 informa en su p\u00e1gina web que se dirige exclusivamente a un p\u00fablico [&hellip;]","og_url":"https:\/\/diver.com.pt\/es\/politica-de-privacidad\/","og_site_name":"Diver","article_publisher":"https:\/\/www.facebook.com\/diverlanhoso","article_modified_time":"2022-05-07T15:40:29+00:00","twitter_card":"summary_large_image","schema":{"@context":"https:\/\/schema.org","@graph":[{"@type":"WebPage","@id":"https:\/\/diver.com.pt\/es\/politica-de-privacidad\/","url":"https:\/\/diver.com.pt\/es\/politica-de-privacidad\/","name":"Diver - Pol\u00edtica de Privacidad","isPartOf":{"@id":"https:\/\/diver.com.pt\/es\/#website"},"datePublished":"2022-02-04T17:00:31+00:00","dateModified":"2022-05-07T15:40:29+00:00","breadcrumb":{"@id":"https:\/\/diver.com.pt\/es\/politica-de-privacidad\/#breadcrumb"},"inLanguage":"es","potentialAction":[{"@type":"ReadAction","target":["https:\/\/diver.com.pt\/es\/politica-de-privacidad\/"]}]},{"@type":"BreadcrumbList","@id":"https:\/\/diver.com.pt\/es\/politica-de-privacidad\/#breadcrumb","itemListElement":[{"@type":"ListItem","position":1,"name":"Comienzo","item":"https:\/\/diver.com.pt\/es\/"},{"@type":"ListItem","position":2,"name":"Pol\u00edtica de Privacidad"}]},{"@type":"WebSite","@id":"https:\/\/diver.com.pt\/es\/#website","url":"https:\/\/diver.com.pt\/es\/","name":"Diver","description":"Grupo Diver","publisher":{"@id":"https:\/\/diver.com.pt\/es\/#organization"},"potentialAction":[{"@type":"SearchAction","target":{"@type":"EntryPoint","urlTemplate":"https:\/\/diver.com.pt\/es\/?s={search_term_string}"},"query-input":"required name=search_term_string"}],"inLanguage":"es"},{"@type":"Organization","@id":"https:\/\/diver.com.pt\/es\/#organization","name":"Grupo Diver","url":"https:\/\/diver.com.pt\/es\/","logo":{"@type":"ImageObject","inLanguage":"es","@id":"https:\/\/diver.com.pt\/es\/#\/schema\/logo\/image\/","url":"https:\/\/diver.com.pt\/wp-content\/uploads\/2022\/02\/FAV-ICON-05.svg","contentUrl":"https:\/\/diver.com.pt\/wp-content\/uploads\/2022\/02\/FAV-ICON-05.svg","caption":"Grupo Diver"},"image":{"@id":"https:\/\/diver.com.pt\/es\/#\/schema\/logo\/image\/"},"sameAs":["https:\/\/www.instagram.com\/diverlanhoso","https:\/\/www.facebook.com\/diverlanhoso"]}]}},"_links":{"self":[{"href":"https:\/\/diver.com.pt\/es\/wp-json\/wp\/v2\/pages\/930","targetHints":{"allow":["GET"]}}],"collection":[{"href":"https:\/\/diver.com.pt\/es\/wp-json\/wp\/v2\/pages"}],"about":[{"href":"https:\/\/diver.com.pt\/es\/wp-json\/wp\/v2\/types\/page"}],"author":[{"embeddable":true,"href":"https:\/\/diver.com.pt\/es\/wp-json\/wp\/v2\/users\/1"}],"replies":[{"embeddable":true,"href":"https:\/\/diver.com.pt\/es\/wp-json\/wp\/v2\/comments?post=930"}],"version-history":[{"count":3,"href":"https:\/\/diver.com.pt\/es\/wp-json\/wp\/v2\/pages\/930\/revisions"}],"predecessor-version":[{"id":1230,"href":"https:\/\/diver.com.pt\/es\/wp-json\/wp\/v2\/pages\/930\/revisions\/1230"}],"wp:attachment":[{"href":"https:\/\/diver.com.pt\/es\/wp-json\/wp\/v2\/media?parent=930"}],"curies":[{"name":"wp","href":"https:\/\/api.w.org\/{rel}","templated":true}]}}