{"id":920,"date":"2022-02-04T15:21:17","date_gmt":"2022-02-04T15:21:17","guid":{"rendered":"https:\/\/diver.com.pt\/?page_id=920"},"modified":"2022-04-12T15:33:43","modified_gmt":"2022-04-12T15:33:43","slug":"fiestas-de-cumpleanos","status":"publish","type":"page","link":"https:\/\/diver.com.pt\/es\/fiestas-de-cumpleanos\/","title":{"rendered":"Fiestas de Cumplea\u00f1os"},"content":{"rendered":"<h1>\n<p class=\"uk-h1 uk-text-truncate\">Fiestas de Cumplea\u00f1os\u00a0<\/p>\n<\/h1>\n<p><img decoding=\"async\" src=\"\/wp-content\/uploads\/2022\/02\/Ultimate-Birthday-Party-Guide-Columbia-Mom.png\" alt=\"\"><\/p>\n<div>\n<p>Las fiestas de cumplea\u00f1os en Diver son din\u00e1micas, divertidas y inolvidables.\u00a0<\/p>\n<p>Ya sean ni\u00f1os, adolescentes, adultos o personas mayores, una cosa es garantida: tu cumplea\u00f1os ser\u00e1 el mejor d\u00eda del a\u00f1o!<\/p>\n<p>Un d\u00eda especial, con mucha aventura, adrenalina y sorpresas! La fiesta incluye actividades de aventura y comida\/cena\/merienda.<\/p>\n<\/div>\n<p><!--more--><br \/>\n<!-- {\"name\":\"festas de aniversario pt\",\"type\":\"layout\",\"children\":[{\"type\":\"section\",\"props\":{\"style\":\"default\",\"width\":\"default\",\"vertical_align\":\"middle\",\"title_position\":\"top-left\",\"title_rotation\":\"left\",\"title_breakpoint\":\"xl\",\"image_position\":\"center-center\",\"image\":\"wp-content\\\/uploads\\\/2022\\\/02\\\/a-n-v-e-s-h-cxKUnnwkWyk-unsplash-scaled.jpg\",\"image_size\":\"cover\",\"padding\":\"xlarge\"},\"children\":[{\"type\":\"row\",\"children\":[{\"type\":\"column\",\"props\":{\"position_sticky_breakpoint\":\"m\",\"image_position\":\"center-center\",\"media_overlay_gradient\":\"\"},\"children\":[]}]}]},{\"type\":\"section\",\"props\":{\"style\":\"default\",\"width\":\"default\",\"vertical_align\":\"middle\",\"title_position\":\"top-left\",\"title_rotation\":\"left\",\"title_breakpoint\":\"xl\",\"image_position\":\"center-center\"},\"children\":[{\"type\":\"row\",\"children\":[{\"type\":\"column\",\"props\":{\"position_sticky_breakpoint\":\"m\",\"image_position\":\"center-center\",\"media_overlay_gradient\":\"\"},\"children\":[{\"type\":\"headline\",\"props\":{\"title_element\":\"h1\",\"content\":\"\n\n<p class=\\\"uk-h1 uk-text-truncate\\\">Fiestas de Cumplea\\u00f1os\\u00a0<\\\/p>\",\"text_align\":\"center\"}}]}]},{\"type\":\"row\",\"props\":{\"layout\":\"1-3,2-3\",\"margin\":\"default\"},\"children\":[{\"type\":\"column\",\"props\":{\"position_sticky_breakpoint\":\"m\",\"image_position\":\"center-center\",\"media_overlay_gradient\":\"\",\"width_medium\":\"1-3\"},\"children\":[{\"type\":\"image\",\"props\":{\"margin\":\"default\",\"image_svg_color\":\"emphasis\",\"image\":\"wp-content\\\/uploads\\\/2022\\\/02\\\/Ultimate-Birthday-Party-Guide-Columbia-Mom.png\",\"image_width\":\"300\",\"image_border\":\"circle\",\"image_height\":\"300\",\"text_align\":\"center\"}}]},{\"type\":\"column\",\"props\":{\"position_sticky_breakpoint\":\"m\",\"image_position\":\"center-center\",\"media_overlay_gradient\":\"\",\"width_medium\":\"2-3\",\"vertical_align\":\"middle\"},\"children\":[{\"type\":\"text\",\"props\":{\"margin\":\"default\",\"column_breakpoint\":\"m\",\"content\":\"\n\n<p>Las fiestas de cumplea\\u00f1os en Diver son din\\u00e1micas, divertidas y inolvidables.\\u00a0<\\\/p>\\n\n\n<p>Ya sean ni\\u00f1os, adolescentes, adultos o personas mayores, una cosa es garantida: tu cumplea\\u00f1os ser\\u00e1 el mejor d\\u00eda del a\\u00f1o!<\\\/p>\\n\n\n<p>Un d\\u00eda especial, con mucha aventura, adrenalina y sorpresas! La fiesta incluye actividades de aventura y comida\\\/cena\\\/merienda.<\\\/p>\"}}]}]},{\"type\":\"row\",\"props\":{\"layout\":\"1-4,1-4,1-4,1-4|1-2,1-2,1-2,1-2\",\"margin\":\"large\",\"status\":\"disabled\"},\"children\":[{\"type\":\"column\",\"props\":{\"position_sticky_breakpoint\":\"m\",\"image_position\":\"center-center\",\"media_overlay_gradient\":\"\",\"width_medium\":\"1-4\",\"width_small\":\"1-2\"},\"children\":[{\"type\":\"headline\",\"props\":{\"title_element\":\"h4\",\"content\":\"1 dia\",\"css\":\".el-element {font-weight: 800;\\ntext-transform: none;} \"}},{\"type\":\"list\",\"props\":{\"show_image\":true,\"show_link\":true,\"list_type\":\"vertical\",\"list_element\":\"ul\",\"list_horizontal_separator\":\", \",\"column_breakpoint\":\"m\",\"image_svg_color\":\"emphasis\",\"image_align\":\"left\",\"image_vertical_align\":true,\"icon\":\"file-pdf\",\"icon_color\":\"primary\",\"icon_width\":\"30\",\"list_size\":\"large\",\"content_style\":\"h5\"},\"children\":[{\"type\":\"list_item\",\"props\":{\"content\":\"\n\n<p>3 os 8 anos<\\\/p>\"}},{\"type\":\"list_item\",\"props\":{\"content\":\"\n\n<p>9 aos 12 anos<\\\/p>\"}},{\"type\":\"list_item\",\"props\":{\"content\":\"\n\n<p>12 aos 18 anos<\\\/p>\"}}]}]},{\"type\":\"column\",\"props\":{\"position_sticky_breakpoint\":\"m\",\"image_position\":\"center-center\",\"media_overlay_gradient\":\"\",\"width_medium\":\"1-4\",\"width_small\":\"1-2\"},\"children\":[{\"type\":\"headline\",\"props\":{\"title_element\":\"h4\",\"content\":\"1 dia\",\"css\":\".el-element {font-weight: 800;\\ntext-transform: none;} \"}},{\"type\":\"list\",\"props\":{\"show_image\":true,\"show_link\":true,\"list_type\":\"vertical\",\"list_element\":\"ul\",\"list_horizontal_separator\":\", \",\"column_breakpoint\":\"m\",\"image_svg_color\":\"emphasis\",\"image_align\":\"left\",\"image_vertical_align\":true,\"icon\":\"file-pdf\",\"icon_color\":\"primary\",\"icon_width\":\"30\",\"list_size\":\"large\",\"content_style\":\"h5\"},\"children\":[{\"type\":\"list_item\",\"props\":{\"content\":\"\n\n<p>3 os 8 anos<\\\/p>\"}},{\"type\":\"list_item\",\"props\":{\"content\":\"\n\n<p>9 aos 12 anos<\\\/p>\"}},{\"type\":\"list_item\",\"props\":{\"content\":\"\n\n<p>12 aos 18 anos<\\\/p>\"}}]}]},{\"type\":\"column\",\"props\":{\"position_sticky_breakpoint\":\"m\",\"image_position\":\"center-center\",\"media_overlay_gradient\":\"\",\"width_medium\":\"1-4\",\"width_small\":\"1-2\"},\"children\":[{\"type\":\"headline\",\"props\":{\"title_element\":\"h4\",\"content\":\"1 dia\",\"css\":\".el-element {font-weight: 800;\\ntext-transform: none;} \"}},{\"type\":\"list\",\"props\":{\"show_image\":true,\"show_link\":true,\"list_type\":\"vertical\",\"list_element\":\"ul\",\"list_horizontal_separator\":\", \",\"column_breakpoint\":\"m\",\"image_svg_color\":\"emphasis\",\"image_align\":\"left\",\"image_vertical_align\":true,\"icon\":\"file-pdf\",\"icon_color\":\"primary\",\"icon_width\":\"30\",\"list_size\":\"large\",\"content_style\":\"h5\"},\"children\":[{\"type\":\"list_item\",\"props\":{\"content\":\"\n\n<p>3 os 8 anos<\\\/p>\"}},{\"type\":\"list_item\",\"props\":{\"content\":\"\n\n<p>9 aos 12 anos<\\\/p>\"}},{\"type\":\"list_item\",\"props\":{\"content\":\"\n\n<p>12 aos 18 anos<\\\/p>\"}}]}]},{\"type\":\"column\",\"props\":{\"position_sticky_breakpoint\":\"m\",\"image_position\":\"center-center\",\"media_overlay_gradient\":\"\",\"width_medium\":\"1-4\",\"width_small\":\"1-2\"},\"children\":[{\"type\":\"headline\",\"props\":{\"title_element\":\"h4\",\"content\":\"1 dia\",\"css\":\".el-element {font-weight: 800;\\ntext-transform: none;} \"}},{\"type\":\"list\",\"props\":{\"show_image\":true,\"show_link\":true,\"list_type\":\"vertical\",\"list_element\":\"ul\",\"list_horizontal_separator\":\", \",\"column_breakpoint\":\"m\",\"image_svg_color\":\"emphasis\",\"image_align\":\"left\",\"image_vertical_align\":true,\"icon\":\"file-pdf\",\"icon_color\":\"primary\",\"icon_width\":\"30\",\"list_size\":\"large\",\"content_style\":\"h5\"},\"children\":[{\"type\":\"list_item\",\"props\":{\"content\":\"\n\n<p>3 os 8 anos<\\\/p>\"}},{\"type\":\"list_item\",\"props\":{\"content\":\"\n\n<p>9 aos 12 anos<\\\/p>\"}},{\"type\":\"list_item\",\"props\":{\"content\":\"\n\n<p>12 aos 18 anos<\\\/p>\"}}]}]}]}]},{\"type\":\"section\",\"props\":{\"style\":\"muted\",\"width\":\"default\",\"vertical_align\":\"middle\",\"title_position\":\"top-left\",\"title_rotation\":\"left\",\"title_breakpoint\":\"xl\",\"image_position\":\"center-center\",\"padding\":\"small\",\"status\":\"disabled\"},\"children\":[{\"type\":\"row\",\"children\":[{\"type\":\"column\",\"props\":{\"position_sticky_breakpoint\":\"m\",\"image_position\":\"center-center\",\"media_overlay_gradient\":\"\"},\"children\":[{\"type\":\"headline\",\"props\":{\"title_element\":\"h1\",\"content\":\"Testemunhos\",\"text_align\":\"center\"}},{\"type\":\"panel-slider\",\"props\":{\"show_title\":true,\"show_meta\":true,\"show_content\":true,\"show_image\":false,\"show_link\":true,\"slider_width\":\"fixed\",\"slider_width_default\":\"1-1\",\"slider_width_medium\":\"1-1\",\"slider_gap\":\"default\",\"slider_autoplay_pause\":true,\"nav\":\"\",\"nav_align\":\"center\",\"nav_breakpoint\":\"s\",\"slidenav\":\"outside\",\"slidenav_margin\":\"large\",\"slidenav_breakpoint\":\"m\",\"slidenav_outside_breakpoint\":\"m\",\"panel_card_match\":true,\"title_hover_style\":\"reset\",\"title_element\":\"h3\",\"title_align\":\"top\",\"title_grid_width\":\"1-2\",\"title_grid_breakpoint\":\"m\",\"meta_style\":\"meta\",\"meta_align\":\"below-title\",\"meta_element\":\"div\",\"content_column_breakpoint\":\"m\",\"icon_width\":80,\"image_align\":\"left\",\"image_grid_width\":\"auto\",\"image_grid_breakpoint\":\"m\",\"image_svg_color\":\"emphasis\",\"link_text\":\"Read more\",\"link_style\":\"default\",\"margin\":\"default\",\"image_width\":\"100\",\"image_height\":\"100\",\"image_border\":\"circle\",\"text_align\":\"center\",\"maxwidth\":\"2xlarge\",\"block_align\":\"center\",\"slider_sets\":false,\"slider_finite\":false,\"slider_autoplay\":true,\"slidenav_color\":\"dark\",\"slidenav_outside_color\":\"dark\",\"slidenav_large\":true,\"image_vertical_align\":true,\"content_margin\":\"small\"},\"children\":[{\"type\":\"panel-slider_item\",\"props\":{\"title\":\"Nome\",\"image\":\"wp-content\\\/uploads\\\/2022\\\/02\\\/diver1.jpg\",\"content\":\"\n\n<p><span>Lorem ipsum dolor sit amet, consectetuer adipiscing elit, sed diam nonummy nibh euismod tincidunt ut laoreet dolore magna aliquam erat volutpat. <\\\/span><\\\/p>\"}},{\"type\":\"panel-slider_item\",\"props\":{\"title\":\"Nome\",\"image\":\"wp-content\\\/uploads\\\/2022\\\/02\\\/diver1.jpg\",\"content\":\"\n\n<p><span>Lorem ipsum dolor sit amet, consectetuer adipiscing elit, sed diam nonummy nibh euismod tincidunt ut laoreet dolore magna aliquam erat volutpat. <\\\/span><\\\/p>\"}}]}]}]}]},{\"type\":\"section\",\"props\":{\"style\":\"default\",\"width\":\"\",\"vertical_align\":\"middle\",\"title_position\":\"top-left\",\"title_rotation\":\"left\",\"title_breakpoint\":\"xl\",\"image_position\":\"center-center\",\"status\":\"disabled\"},\"children\":[{\"type\":\"row\",\"children\":[{\"type\":\"column\",\"props\":{\"position_sticky_breakpoint\":\"m\",\"image_position\":\"center-center\",\"media_overlay_gradient\":\"\"},\"children\":[{\"type\":\"overlay-slider\",\"props\":{\"show_title\":false,\"show_meta\":true,\"show_content\":true,\"show_link\":true,\"show_hover_image\":true,\"slider_width\":\"fixed\",\"slider_width_default\":\"1-1\",\"slider_width_medium\":\"1-3\",\"slider_gap\":\"small\",\"slider_autoplay_pause\":true,\"nav\":\"dotnav\",\"nav_align\":\"center\",\"nav_breakpoint\":\"s\",\"slidenav\":\"default\",\"slidenav_margin\":\"medium\",\"slidenav_breakpoint\":\"s\",\"slidenav_outside_breakpoint\":\"xl\",\"overlay_mode\":\"cover\",\"overlay_position\":\"center\",\"overlay_transition\":\"fade\",\"title_hover_style\":\"reset\",\"title_element\":\"h3\",\"meta_style\":\"meta\",\"meta_align\":\"below-title\",\"meta_element\":\"div\",\"link_text\":\"Read more\",\"link_style\":\"default\",\"text_align\":\"center\",\"margin\":\"default\",\"image_width\":\"600\",\"image_height\":\"500\"},\"children\":[]}]}]}]}],\"version\":\"2.7.16\"} --><\/p>\n","protected":false},"excerpt":{"rendered":"<p>Fiestas de Cumplea\u00f1os\u00a0 Las fiestas de cumplea\u00f1os en Diver son din\u00e1micas, divertidas y inolvidables.\u00a0 Ya sean ni\u00f1os, adolescentes, adultos o personas mayores, una cosa es garantida: tu cumplea\u00f1os ser\u00e1 el mejor d\u00eda del a\u00f1o! Un d\u00eda especial, con mucha aventura, adrenalina y sorpresas! La fiesta incluye actividades de aventura y comida\/cena\/merienda.<\/p>\n","protected":false},"author":1,"featured_media":0,"parent":0,"menu_order":0,"comment_status":"closed","ping_status":"closed","template":"","meta":{"footnotes":""},"class_list":["post-920","page","type-page","status-publish","hentry"],"yoast_head":"<!-- This site is optimized with the Yoast SEO plugin v19.13 - https:\/\/yoast.com\/wordpress\/plugins\/seo\/ -->\n<title>Diver - Fiestas de Cumplea\u00f1os<\/title>\n<meta name=\"robots\" content=\"index, follow, max-snippet:-1, max-image-preview:large, max-video-preview:-1\" \/>\n<link rel=\"canonical\" href=\"https:\/\/diver.com.pt\/es\/fiestas-de-cumpleanos\/\" \/>\n<meta property=\"og:locale\" content=\"es_ES\" \/>\n<meta property=\"og:type\" content=\"article\" \/>\n<meta property=\"og:title\" content=\"Diver - Fiestas de Cumplea\u00f1os\" \/>\n<meta property=\"og:description\" content=\"Fiestas de Cumplea\u00f1os\u00a0 Las fiestas de cumplea\u00f1os en Diver son din\u00e1micas, divertidas y inolvidables.\u00a0 Ya sean ni\u00f1os, adolescentes, adultos o personas mayores, una cosa es garantida: tu cumplea\u00f1os ser\u00e1 el mejor d\u00eda del a\u00f1o! Un d\u00eda especial, con mucha aventura, adrenalina y sorpresas! La fiesta incluye actividades de aventura y comida\/cena\/merienda.\" \/>\n<meta property=\"og:url\" content=\"https:\/\/diver.com.pt\/es\/fiestas-de-cumpleanos\/\" \/>\n<meta property=\"og:site_name\" content=\"Diver\" \/>\n<meta property=\"article:publisher\" content=\"https:\/\/www.facebook.com\/diverlanhoso\" \/>\n<meta property=\"article:modified_time\" content=\"2022-04-12T15:33:43+00:00\" \/>\n<meta property=\"og:image\" content=\"https:\/\/diver.com.pt\/wp-content\/uploads\/2022\/02\/Ultimate-Birthday-Party-Guide-Columbia-Mom.png\" \/>\n<meta name=\"twitter:card\" content=\"summary_large_image\" \/>\n<script type=\"application\/ld+json\" class=\"yoast-schema-graph\">{\"@context\":\"https:\/\/schema.org\",\"@graph\":[{\"@type\":\"WebPage\",\"@id\":\"https:\/\/diver.com.pt\/es\/fiestas-de-cumpleanos\/\",\"url\":\"https:\/\/diver.com.pt\/es\/fiestas-de-cumpleanos\/\",\"name\":\"Diver - Fiestas de Cumplea\u00f1os\",\"isPartOf\":{\"@id\":\"https:\/\/diver.com.pt\/es\/#website\"},\"datePublished\":\"2022-02-04T15:21:17+00:00\",\"dateModified\":\"2022-04-12T15:33:43+00:00\",\"breadcrumb\":{\"@id\":\"https:\/\/diver.com.pt\/es\/fiestas-de-cumpleanos\/#breadcrumb\"},\"inLanguage\":\"es\",\"potentialAction\":[{\"@type\":\"ReadAction\",\"target\":[\"https:\/\/diver.com.pt\/es\/fiestas-de-cumpleanos\/\"]}]},{\"@type\":\"BreadcrumbList\",\"@id\":\"https:\/\/diver.com.pt\/es\/fiestas-de-cumpleanos\/#breadcrumb\",\"itemListElement\":[{\"@type\":\"ListItem\",\"position\":1,\"name\":\"Comienzo\",\"item\":\"https:\/\/diver.com.pt\/es\/\"},{\"@type\":\"ListItem\",\"position\":2,\"name\":\"Fiestas de Cumplea\u00f1os\"}]},{\"@type\":\"WebSite\",\"@id\":\"https:\/\/diver.com.pt\/es\/#website\",\"url\":\"https:\/\/diver.com.pt\/es\/\",\"name\":\"Diver\",\"description\":\"Grupo Diver\",\"publisher\":{\"@id\":\"https:\/\/diver.com.pt\/es\/#organization\"},\"potentialAction\":[{\"@type\":\"SearchAction\",\"target\":{\"@type\":\"EntryPoint\",\"urlTemplate\":\"https:\/\/diver.com.pt\/es\/?s={search_term_string}\"},\"query-input\":\"required name=search_term_string\"}],\"inLanguage\":\"es\"},{\"@type\":\"Organization\",\"@id\":\"https:\/\/diver.com.pt\/es\/#organization\",\"name\":\"Grupo Diver\",\"url\":\"https:\/\/diver.com.pt\/es\/\",\"logo\":{\"@type\":\"ImageObject\",\"inLanguage\":\"es\",\"@id\":\"https:\/\/diver.com.pt\/es\/#\/schema\/logo\/image\/\",\"url\":\"https:\/\/diver.com.pt\/wp-content\/uploads\/2022\/02\/FAV-ICON-05.svg\",\"contentUrl\":\"https:\/\/diver.com.pt\/wp-content\/uploads\/2022\/02\/FAV-ICON-05.svg\",\"caption\":\"Grupo Diver\"},\"image\":{\"@id\":\"https:\/\/diver.com.pt\/es\/#\/schema\/logo\/image\/\"},\"sameAs\":[\"https:\/\/www.instagram.com\/diverlanhoso\",\"https:\/\/www.facebook.com\/diverlanhoso\"]}]}<\/script>\n<!-- \/ Yoast SEO plugin. -->","yoast_head_json":{"title":"Diver - Fiestas de Cumplea\u00f1os","robots":{"index":"index","follow":"follow","max-snippet":"max-snippet:-1","max-image-preview":"max-image-preview:large","max-video-preview":"max-video-preview:-1"},"canonical":"https:\/\/diver.com.pt\/es\/fiestas-de-cumpleanos\/","og_locale":"es_ES","og_type":"article","og_title":"Diver - Fiestas de Cumplea\u00f1os","og_description":"Fiestas de Cumplea\u00f1os\u00a0 Las fiestas de cumplea\u00f1os en Diver son din\u00e1micas, divertidas y inolvidables.\u00a0 Ya sean ni\u00f1os, adolescentes, adultos o personas mayores, una cosa es garantida: tu cumplea\u00f1os ser\u00e1 el mejor d\u00eda del a\u00f1o! Un d\u00eda especial, con mucha aventura, adrenalina y sorpresas! La fiesta incluye actividades de aventura y comida\/cena\/merienda.","og_url":"https:\/\/diver.com.pt\/es\/fiestas-de-cumpleanos\/","og_site_name":"Diver","article_publisher":"https:\/\/www.facebook.com\/diverlanhoso","article_modified_time":"2022-04-12T15:33:43+00:00","og_image":[{"url":"https:\/\/diver.com.pt\/wp-content\/uploads\/2022\/02\/Ultimate-Birthday-Party-Guide-Columbia-Mom.png"}],"twitter_card":"summary_large_image","schema":{"@context":"https:\/\/schema.org","@graph":[{"@type":"WebPage","@id":"https:\/\/diver.com.pt\/es\/fiestas-de-cumpleanos\/","url":"https:\/\/diver.com.pt\/es\/fiestas-de-cumpleanos\/","name":"Diver - Fiestas de Cumplea\u00f1os","isPartOf":{"@id":"https:\/\/diver.com.pt\/es\/#website"},"datePublished":"2022-02-04T15:21:17+00:00","dateModified":"2022-04-12T15:33:43+00:00","breadcrumb":{"@id":"https:\/\/diver.com.pt\/es\/fiestas-de-cumpleanos\/#breadcrumb"},"inLanguage":"es","potentialAction":[{"@type":"ReadAction","target":["https:\/\/diver.com.pt\/es\/fiestas-de-cumpleanos\/"]}]},{"@type":"BreadcrumbList","@id":"https:\/\/diver.com.pt\/es\/fiestas-de-cumpleanos\/#breadcrumb","itemListElement":[{"@type":"ListItem","position":1,"name":"Comienzo","item":"https:\/\/diver.com.pt\/es\/"},{"@type":"ListItem","position":2,"name":"Fiestas de Cumplea\u00f1os"}]},{"@type":"WebSite","@id":"https:\/\/diver.com.pt\/es\/#website","url":"https:\/\/diver.com.pt\/es\/","name":"Diver","description":"Grupo Diver","publisher":{"@id":"https:\/\/diver.com.pt\/es\/#organization"},"potentialAction":[{"@type":"SearchAction","target":{"@type":"EntryPoint","urlTemplate":"https:\/\/diver.com.pt\/es\/?s={search_term_string}"},"query-input":"required name=search_term_string"}],"inLanguage":"es"},{"@type":"Organization","@id":"https:\/\/diver.com.pt\/es\/#organization","name":"Grupo Diver","url":"https:\/\/diver.com.pt\/es\/","logo":{"@type":"ImageObject","inLanguage":"es","@id":"https:\/\/diver.com.pt\/es\/#\/schema\/logo\/image\/","url":"https:\/\/diver.com.pt\/wp-content\/uploads\/2022\/02\/FAV-ICON-05.svg","contentUrl":"https:\/\/diver.com.pt\/wp-content\/uploads\/2022\/02\/FAV-ICON-05.svg","caption":"Grupo Diver"},"image":{"@id":"https:\/\/diver.com.pt\/es\/#\/schema\/logo\/image\/"},"sameAs":["https:\/\/www.instagram.com\/diverlanhoso","https:\/\/www.facebook.com\/diverlanhoso"]}]}},"_links":{"self":[{"href":"https:\/\/diver.com.pt\/es\/wp-json\/wp\/v2\/pages\/920","targetHints":{"allow":["GET"]}}],"collection":[{"href":"https:\/\/diver.com.pt\/es\/wp-json\/wp\/v2\/pages"}],"about":[{"href":"https:\/\/diver.com.pt\/es\/wp-json\/wp\/v2\/types\/page"}],"author":[{"embeddable":true,"href":"https:\/\/diver.com.pt\/es\/wp-json\/wp\/v2\/users\/1"}],"replies":[{"embeddable":true,"href":"https:\/\/diver.com.pt\/es\/wp-json\/wp\/v2\/comments?post=920"}],"version-history":[{"count":3,"href":"https:\/\/diver.com.pt\/es\/wp-json\/wp\/v2\/pages\/920\/revisions"}],"predecessor-version":[{"id":1152,"href":"https:\/\/diver.com.pt\/es\/wp-json\/wp\/v2\/pages\/920\/revisions\/1152"}],"wp:attachment":[{"href":"https:\/\/diver.com.pt\/es\/wp-json\/wp\/v2\/media?parent=920"}],"curies":[{"name":"wp","href":"https:\/\/api.w.org\/{rel}","templated":true}]}}