{"id":904,"date":"2022-02-04T15:20:24","date_gmt":"2022-02-04T15:20:24","guid":{"rendered":"https:\/\/diver.com.pt\/?page_id=904"},"modified":"2022-04-12T15:19:11","modified_gmt":"2022-04-12T15:19:11","slug":"campamentos-de-vacaciones","status":"publish","type":"page","link":"https:\/\/diver.com.pt\/es\/campamentos-de-vacaciones\/","title":{"rendered":"Campamentos de Vacaciones"},"content":{"rendered":"<h1>\n<p class=\"uk-h1 uk-text-truncate\">Campamentos de Vacaciones<\/p>\n<\/h1>\n<p><img decoding=\"async\" src=\"\/wp-content\/uploads\/2022\/02\/290880D5-6638-4294-A76C-A00EF107C4F1-scaled.jpeg\" alt=\"\"><\/p>\n<div>\n<p>Lo mejor de tus vacaciones pasa aqu\u00ed , con Grupo Diver!<\/p>\n<p>Nuevas amistades, nuevas aventuras, nuevos recuerdos. Ya sea verano, invierno, navidad o semana santa, en los campamentos de vacaciones da Diver hay mucha diversi\u00f3n preparada para ti.\u00a0<\/p>\n<p>Si tienes entre 6 y 18 a\u00f1os, los Divercamp&#8217;s te prometen mucha diversi\u00f3n y aprendizaje en compa\u00f1\u00eda permanente de monitores especializados.<\/p>\n<p>Para que puedan desconectarse de las redes y conectarse con la naturaleza, se limita el acceso al t\u00e9lefono, pero con 2 actividades diarias (paintball, tirolina, caminata acu\u00e1tica, entre otras), cenas y fiestas tem\u00e1ticas, la garant\u00eda es que no hay lugar para la monoton\u00eda.<\/p>\n<p>La seguridad siempre ha sido nuestra principal preocupaci\u00f3n, tanto en lo que se refiere a la seguridad en el ejercicio de nuestras actividades como en materia de salud e higiene.\u00a0<\/p>\n<p>Hay varios programas diferentes disponibles. Elige el tuyo!\u00a0<\/p>\n<p>Contamos contigo en esta aventura!<\/p>\n<\/div>\n<h4>DiverLanhoso<\/h4>\n<div>\n<p><a href=\"https:\/\/diverlanhoso.pt\/\"><\/p>\n<p>DiverCamp<\/p>\n<p><\/a><\/p>\n<\/div>\n<h4>DiverEstrela<\/h4>\n<div>\n<p><a href=\"https:\/\/diverestrela.pt\/\"><\/p>\n<p>DiverCamp<\/p>\n<p><\/a><\/p>\n<\/div>\n<h1>Testimonios<\/h1>\n<div>\n<p>    <img decoding=\"async\" src=\"\/wp-content\/uploads\/2022\/02\/diver1.jpg\" alt=\"\"><\/p>\n<h3>Ricardo Magalh\u00e3es<\/h3>\n<div>\n<p>Fue una experiencia incre\u00edble para mi ahijada, se divirti\u00f3 mucho e hizo muchos amigos.<\/p>\n<\/div>\n<\/div>\n<ul>\n<li>\n<p>        <img decoding=\"async\" src=\"\/wp-content\/uploads\/2022\/02\/campos-de-ferias-01.jpg\" alt=\"\"><\/p>\n<h3>campos-de-ferias-01<\/h3>\n<\/li>\n<li>\n<p>        <img decoding=\"async\" src=\"\/wp-content\/uploads\/2022\/02\/campos-de-ferias-02.jpg\" alt=\"\"><\/p>\n<h3>campos-de-ferias-02<\/h3>\n<\/li>\n<li>\n<p>        <img decoding=\"async\" src=\"\/wp-content\/uploads\/2022\/02\/campos-de-ferias-03.jpg\" alt=\"\"><\/p>\n<h3>campos-de-ferias-03<\/h3>\n<\/li>\n<li>\n<p>        <img decoding=\"async\" src=\"\/wp-content\/uploads\/2022\/02\/campos-de-ferias-04.jpg\" alt=\"\"><\/p>\n<h3>campos-de-ferias-04<\/h3>\n<\/li>\n<li>\n<p>        <img decoding=\"async\" src=\"\/wp-content\/uploads\/2022\/02\/campos-de-ferias-05.jpg\" alt=\"\"><\/p>\n<h3>campos-de-ferias-05<\/h3>\n<\/li>\n<li>\n<p>        <img decoding=\"async\" src=\"\/wp-content\/uploads\/2022\/02\/campos-de-ferias-06.jpg\" alt=\"\"><\/p>\n<h3>campos-de-ferias-06<\/h3>\n<\/li>\n<li>\n<p>        <img decoding=\"async\" src=\"\/wp-content\/uploads\/2022\/02\/campos-de-ferias-07.jpg\" alt=\"\"><\/p>\n<h3>campos-de-ferias-07<\/h3>\n<\/li>\n<\/ul>\n<p><!--more--><br \/>\n<!-- {\"name\":\"campos de ferias pt\",\"type\":\"layout\",\"children\":[{\"type\":\"section\",\"props\":{\"style\":\"default\",\"width\":\"default\",\"vertical_align\":\"middle\",\"title_position\":\"top-left\",\"title_rotation\":\"left\",\"title_breakpoint\":\"xl\",\"image_position\":\"center-center\",\"image\":\"wp-content\\\/uploads\\\/2022\\\/02\\\/diver5.jpg\",\"image_size\":\"cover\",\"padding\":\"xlarge\"},\"children\":[{\"type\":\"row\",\"children\":[{\"type\":\"column\",\"props\":{\"position_sticky_breakpoint\":\"m\",\"image_position\":\"center-center\",\"media_overlay_gradient\":\"\"},\"children\":[]}]}]},{\"type\":\"section\",\"props\":{\"style\":\"default\",\"width\":\"default\",\"vertical_align\":\"middle\",\"title_position\":\"top-left\",\"title_rotation\":\"left\",\"title_breakpoint\":\"xl\",\"image_position\":\"center-center\"},\"children\":[{\"type\":\"row\",\"children\":[{\"type\":\"column\",\"props\":{\"position_sticky_breakpoint\":\"m\",\"image_position\":\"center-center\",\"media_overlay_gradient\":\"\"},\"children\":[{\"type\":\"headline\",\"props\":{\"title_element\":\"h1\",\"content\":\"\n\n<p class=\\\"uk-h1 uk-text-truncate\\\">Campamentos de Vacaciones<\\\/p>\",\"text_align\":\"center\"}}]}]},{\"type\":\"row\",\"props\":{\"layout\":\"1-3,2-3\",\"margin\":\"default\"},\"children\":[{\"type\":\"column\",\"props\":{\"position_sticky_breakpoint\":\"m\",\"image_position\":\"center-center\",\"media_overlay_gradient\":\"\",\"width_medium\":\"1-3\"},\"children\":[{\"type\":\"image\",\"props\":{\"margin\":\"default\",\"image_svg_color\":\"emphasis\",\"image\":\"wp-content\\\/uploads\\\/2022\\\/02\\\/290880D5-6638-4294-A76C-A00EF107C4F1-scaled.jpeg\",\"image_width\":\"300\",\"image_border\":\"circle\",\"image_height\":\"300\",\"text_align\":\"center\"}}]},{\"type\":\"column\",\"props\":{\"position_sticky_breakpoint\":\"m\",\"image_position\":\"center-center\",\"media_overlay_gradient\":\"\",\"width_medium\":\"2-3\",\"vertical_align\":\"middle\"},\"children\":[{\"type\":\"text\",\"props\":{\"margin\":\"default\",\"column_breakpoint\":\"m\",\"content\":\"\n\n<p>Lo mejor de tus vacaciones pasa aqu\\u00ed , con Grupo Diver!<\\\/p>\\n\n\n<p>Nuevas amistades, nuevas aventuras, nuevos recuerdos. Ya sea verano, invierno, navidad o semana santa, en los campamentos de vacaciones da Diver hay mucha diversi\\u00f3n preparada para ti.\\u00a0<\\\/p>\\n\n\n<p>Si tienes entre 6 y 18 a\\u00f1os, los Divercamp's te prometen mucha diversi\\u00f3n y aprendizaje en compa\\u00f1\\u00eda permanente de monitores especializados.<\\\/p>\\n\n\n<p>Para que puedan desconectarse de las redes y conectarse con la naturaleza, se limita el acceso al t\\u00e9lefono, pero con 2 actividades diarias (paintball, tirolina, caminata acu\\u00e1tica, entre otras), cenas y fiestas tem\\u00e1ticas, la garant\\u00eda es que no hay lugar para la monoton\\u00eda.<\\\/p>\\n\n\n<p>La seguridad siempre ha sido nuestra principal preocupaci\\u00f3n, tanto en lo que se refiere a la seguridad en el ejercicio de nuestras actividades como en materia de salud e higiene.\\u00a0<\\\/p>\\n\n\n<p>Hay varios programas diferentes disponibles. Elige el tuyo!\\u00a0<\\\/p>\\n\n\n<p>Contamos contigo en esta aventura!<\\\/p>\"}}]}]},{\"type\":\"row\",\"props\":{\"layout\":\"1-3,1-3,1-3\",\"margin\":\"large\",\"status\":\"\",\"width\":\"default\"},\"children\":[{\"type\":\"column\",\"props\":{\"position_sticky_breakpoint\":\"m\",\"image_position\":\"center-center\",\"media_overlay_gradient\":\"\",\"width_medium\":\"1-3\"},\"children\":[]},{\"type\":\"column\",\"props\":{\"position_sticky_breakpoint\":\"m\",\"image_position\":\"center-center\",\"media_overlay_gradient\":\"\",\"width_medium\":\"1-3\"},\"children\":[{\"type\":\"headline\",\"props\":{\"title_element\":\"h4\",\"content\":\"DiverLanhoso\",\"css\":\".el-element {font-weight: 800;\\ntext-transform: none;} \"}},{\"type\":\"list\",\"props\":{\"show_image\":true,\"show_link\":true,\"list_type\":\"vertical\",\"list_element\":\"ul\",\"list_horizontal_separator\":\", \",\"column_breakpoint\":\"m\",\"image_svg_color\":\"emphasis\",\"image_align\":\"left\",\"image_vertical_align\":true,\"icon\":\"world\",\"icon_color\":\"primary\",\"icon_width\":\"30\",\"list_size\":\"large\",\"content_style\":\"h5\"},\"children\":[{\"type\":\"list_item\",\"props\":{\"content\":\"\n\n<p>DiverCamp<\\\/p>\",\"link\":\"https:\\\/\\\/diverlanhoso.pt\\\/\",\"link_target\":true}}]}]},{\"type\":\"column\",\"props\":{\"position_sticky_breakpoint\":\"m\",\"image_position\":\"center-center\",\"media_overlay_gradient\":\"\",\"width_medium\":\"1-3\"},\"children\":[{\"type\":\"headline\",\"props\":{\"title_element\":\"h4\",\"content\":\"DiverEstrela\",\"css\":\".el-element {font-weight: 800;\\ntext-transform: none;} \"}},{\"type\":\"list\",\"props\":{\"show_image\":true,\"show_link\":true,\"list_type\":\"vertical\",\"list_element\":\"ul\",\"list_horizontal_separator\":\", \",\"column_breakpoint\":\"m\",\"image_svg_color\":\"emphasis\",\"image_align\":\"left\",\"image_vertical_align\":true,\"icon\":\"world\",\"icon_color\":\"primary\",\"icon_width\":\"30\",\"list_size\":\"large\",\"content_style\":\"h5\"},\"children\":[{\"type\":\"list_item\",\"props\":{\"content\":\"\n\n<p>DiverCamp<\\\/p>\",\"link\":\"https:\\\/\\\/diverestrela.pt\\\/\",\"link_target\":true}}]}]}]}]},{\"type\":\"section\",\"props\":{\"style\":\"muted\",\"width\":\"default\",\"vertical_align\":\"middle\",\"title_position\":\"top-left\",\"title_rotation\":\"left\",\"title_breakpoint\":\"xl\",\"image_position\":\"center-center\",\"padding\":\"small\"},\"children\":[{\"type\":\"row\",\"children\":[{\"type\":\"column\",\"props\":{\"position_sticky_breakpoint\":\"m\",\"image_position\":\"center-center\",\"media_overlay_gradient\":\"\"},\"children\":[{\"type\":\"headline\",\"props\":{\"title_element\":\"h1\",\"content\":\"Testimonios\",\"text_align\":\"center\"}},{\"type\":\"panel-slider\",\"props\":{\"show_title\":true,\"show_meta\":true,\"show_content\":true,\"show_image\":false,\"show_link\":true,\"slider_width\":\"fixed\",\"slider_width_default\":\"1-1\",\"slider_width_medium\":\"1-1\",\"slider_gap\":\"default\",\"slider_autoplay_pause\":true,\"nav\":\"\",\"nav_align\":\"center\",\"nav_breakpoint\":\"s\",\"slidenav\":\"outside\",\"slidenav_margin\":\"large\",\"slidenav_breakpoint\":\"m\",\"slidenav_outside_breakpoint\":\"m\",\"panel_card_match\":true,\"title_hover_style\":\"reset\",\"title_element\":\"h3\",\"title_align\":\"top\",\"title_grid_width\":\"1-2\",\"title_grid_breakpoint\":\"m\",\"meta_style\":\"meta\",\"meta_align\":\"below-title\",\"meta_element\":\"div\",\"content_column_breakpoint\":\"m\",\"icon_width\":80,\"image_align\":\"left\",\"image_grid_width\":\"auto\",\"image_grid_breakpoint\":\"m\",\"image_svg_color\":\"emphasis\",\"link_text\":\"Read more\",\"link_style\":\"default\",\"margin\":\"default\",\"image_width\":\"100\",\"image_height\":\"100\",\"image_border\":\"circle\",\"text_align\":\"center\",\"maxwidth\":\"2xlarge\",\"block_align\":\"center\",\"slider_sets\":false,\"slider_finite\":false,\"slider_autoplay\":true,\"slidenav_color\":\"dark\",\"slidenav_outside_color\":\"dark\",\"slidenav_large\":true,\"image_vertical_align\":true,\"content_margin\":\"small\"},\"children\":[{\"type\":\"panel-slider_item\",\"props\":{\"title\":\"Ricardo Magalh\\u00e3es\",\"image\":\"wp-content\\\/uploads\\\/2022\\\/02\\\/diver1.jpg\",\"content\":\"\n\n<p>Fue una experiencia incre\\u00edble para mi ahijada, se divirti\\u00f3 mucho e hizo muchos amigos.<\\\/p>\"}}]}]}]}]},{\"type\":\"section\",\"props\":{\"style\":\"default\",\"width\":\"\",\"vertical_align\":\"middle\",\"title_position\":\"top-left\",\"title_rotation\":\"left\",\"title_breakpoint\":\"xl\",\"image_position\":\"center-center\"},\"children\":[{\"type\":\"row\",\"children\":[{\"type\":\"column\",\"props\":{\"position_sticky_breakpoint\":\"m\",\"image_position\":\"center-center\",\"media_overlay_gradient\":\"\"},\"children\":[{\"type\":\"overlay-slider\",\"props\":{\"show_title\":false,\"show_meta\":true,\"show_content\":true,\"show_link\":true,\"show_hover_image\":true,\"slider_width\":\"fixed\",\"slider_width_default\":\"1-1\",\"slider_width_medium\":\"1-3\",\"slider_gap\":\"small\",\"slider_autoplay_pause\":true,\"nav\":\"dotnav\",\"nav_align\":\"center\",\"nav_breakpoint\":\"s\",\"slidenav\":\"default\",\"slidenav_margin\":\"medium\",\"slidenav_breakpoint\":\"s\",\"slidenav_outside_breakpoint\":\"xl\",\"overlay_mode\":\"cover\",\"overlay_position\":\"center\",\"overlay_transition\":\"fade\",\"title_hover_style\":\"reset\",\"title_element\":\"h3\",\"meta_style\":\"meta\",\"meta_align\":\"below-title\",\"meta_element\":\"div\",\"link_text\":\"Read more\",\"link_style\":\"default\",\"text_align\":\"center\",\"margin\":\"default\",\"image_width\":\"600\",\"image_height\":\"500\"},\"children\":[{\"type\":\"overlay-slider_item\",\"props\":{\"title\":\"campos-de-ferias-01\",\"image\":\"wp-content\\\/uploads\\\/2022\\\/02\\\/campos-de-ferias-01.jpg\"}},{\"type\":\"overlay-slider_item\",\"props\":{\"title\":\"campos-de-ferias-02\",\"image\":\"wp-content\\\/uploads\\\/2022\\\/02\\\/campos-de-ferias-02.jpg\"}},{\"type\":\"overlay-slider_item\",\"props\":{\"title\":\"campos-de-ferias-03\",\"image\":\"wp-content\\\/uploads\\\/2022\\\/02\\\/campos-de-ferias-03.jpg\"}},{\"type\":\"overlay-slider_item\",\"props\":{\"title\":\"campos-de-ferias-04\",\"image\":\"wp-content\\\/uploads\\\/2022\\\/02\\\/campos-de-ferias-04.jpg\"}},{\"type\":\"overlay-slider_item\",\"props\":{\"title\":\"campos-de-ferias-05\",\"image\":\"wp-content\\\/uploads\\\/2022\\\/02\\\/campos-de-ferias-05.jpg\"}},{\"type\":\"overlay-slider_item\",\"props\":{\"title\":\"campos-de-ferias-06\",\"image\":\"wp-content\\\/uploads\\\/2022\\\/02\\\/campos-de-ferias-06.jpg\"}},{\"type\":\"overlay-slider_item\",\"props\":{\"title\":\"campos-de-ferias-07\",\"image\":\"wp-content\\\/uploads\\\/2022\\\/02\\\/campos-de-ferias-07.jpg\"}}]}]}]}]}],\"version\":\"2.7.16\"} --><\/p>\n","protected":false},"excerpt":{"rendered":"<p>Campamentos de Vacaciones Lo mejor de tus vacaciones pasa aqu\u00ed , con Grupo Diver! Nuevas amistades, nuevas aventuras, nuevos recuerdos. Ya sea verano, invierno, navidad o semana santa, en los campamentos de vacaciones da Diver hay mucha diversi\u00f3n preparada para ti.\u00a0 Si tienes entre 6 y 18 a\u00f1os, los Divercamp&#8217;s te prometen mucha diversi\u00f3n y [&hellip;]<\/p>\n","protected":false},"author":1,"featured_media":0,"parent":0,"menu_order":0,"comment_status":"closed","ping_status":"closed","template":"","meta":{"footnotes":""},"class_list":["post-904","page","type-page","status-publish","hentry"],"yoast_head":"<!-- This site is optimized with the Yoast SEO plugin v19.13 - https:\/\/yoast.com\/wordpress\/plugins\/seo\/ -->\n<title>Diver - Campamentos de Vacaciones<\/title>\n<meta name=\"robots\" content=\"index, follow, max-snippet:-1, max-image-preview:large, max-video-preview:-1\" \/>\n<link rel=\"canonical\" href=\"https:\/\/diver.com.pt\/es\/campamentos-de-vacaciones\/\" \/>\n<meta property=\"og:locale\" content=\"es_ES\" \/>\n<meta property=\"og:type\" content=\"article\" \/>\n<meta property=\"og:title\" content=\"Diver - Campamentos de Vacaciones\" \/>\n<meta property=\"og:description\" content=\"Campamentos de Vacaciones Lo mejor de tus vacaciones pasa aqu\u00ed , con Grupo Diver! Nuevas amistades, nuevas aventuras, nuevos recuerdos. Ya sea verano, invierno, navidad o semana santa, en los campamentos de vacaciones da Diver hay mucha diversi\u00f3n preparada para ti.\u00a0 Si tienes entre 6 y 18 a\u00f1os, los Divercamp&#8217;s te prometen mucha diversi\u00f3n y [&hellip;]\" \/>\n<meta property=\"og:url\" content=\"https:\/\/diver.com.pt\/es\/campamentos-de-vacaciones\/\" \/>\n<meta property=\"og:site_name\" content=\"Diver\" \/>\n<meta property=\"article:publisher\" content=\"https:\/\/www.facebook.com\/diverlanhoso\" \/>\n<meta property=\"article:modified_time\" content=\"2022-04-12T15:19:11+00:00\" \/>\n<meta property=\"og:image\" content=\"https:\/\/diver.com.pt\/wp-content\/uploads\/2022\/02\/290880D5-6638-4294-A76C-A00EF107C4F1-scaled.jpeg\" \/>\n<meta name=\"twitter:card\" content=\"summary_large_image\" \/>\n<script type=\"application\/ld+json\" class=\"yoast-schema-graph\">{\"@context\":\"https:\/\/schema.org\",\"@graph\":[{\"@type\":\"WebPage\",\"@id\":\"https:\/\/diver.com.pt\/es\/campamentos-de-vacaciones\/\",\"url\":\"https:\/\/diver.com.pt\/es\/campamentos-de-vacaciones\/\",\"name\":\"Diver - Campamentos de Vacaciones\",\"isPartOf\":{\"@id\":\"https:\/\/diver.com.pt\/es\/#website\"},\"datePublished\":\"2022-02-04T15:20:24+00:00\",\"dateModified\":\"2022-04-12T15:19:11+00:00\",\"breadcrumb\":{\"@id\":\"https:\/\/diver.com.pt\/es\/campamentos-de-vacaciones\/#breadcrumb\"},\"inLanguage\":\"es\",\"potentialAction\":[{\"@type\":\"ReadAction\",\"target\":[\"https:\/\/diver.com.pt\/es\/campamentos-de-vacaciones\/\"]}]},{\"@type\":\"BreadcrumbList\",\"@id\":\"https:\/\/diver.com.pt\/es\/campamentos-de-vacaciones\/#breadcrumb\",\"itemListElement\":[{\"@type\":\"ListItem\",\"position\":1,\"name\":\"Comienzo\",\"item\":\"https:\/\/diver.com.pt\/es\/\"},{\"@type\":\"ListItem\",\"position\":2,\"name\":\"Campamentos de Vacaciones\"}]},{\"@type\":\"WebSite\",\"@id\":\"https:\/\/diver.com.pt\/es\/#website\",\"url\":\"https:\/\/diver.com.pt\/es\/\",\"name\":\"Diver\",\"description\":\"Grupo Diver\",\"publisher\":{\"@id\":\"https:\/\/diver.com.pt\/es\/#organization\"},\"potentialAction\":[{\"@type\":\"SearchAction\",\"target\":{\"@type\":\"EntryPoint\",\"urlTemplate\":\"https:\/\/diver.com.pt\/es\/?s={search_term_string}\"},\"query-input\":\"required name=search_term_string\"}],\"inLanguage\":\"es\"},{\"@type\":\"Organization\",\"@id\":\"https:\/\/diver.com.pt\/es\/#organization\",\"name\":\"Grupo Diver\",\"url\":\"https:\/\/diver.com.pt\/es\/\",\"logo\":{\"@type\":\"ImageObject\",\"inLanguage\":\"es\",\"@id\":\"https:\/\/diver.com.pt\/es\/#\/schema\/logo\/image\/\",\"url\":\"https:\/\/diver.com.pt\/wp-content\/uploads\/2022\/02\/FAV-ICON-05.svg\",\"contentUrl\":\"https:\/\/diver.com.pt\/wp-content\/uploads\/2022\/02\/FAV-ICON-05.svg\",\"caption\":\"Grupo Diver\"},\"image\":{\"@id\":\"https:\/\/diver.com.pt\/es\/#\/schema\/logo\/image\/\"},\"sameAs\":[\"https:\/\/www.instagram.com\/diverlanhoso\",\"https:\/\/www.facebook.com\/diverlanhoso\"]}]}<\/script>\n<!-- \/ Yoast SEO plugin. -->","yoast_head_json":{"title":"Diver - Campamentos de Vacaciones","robots":{"index":"index","follow":"follow","max-snippet":"max-snippet:-1","max-image-preview":"max-image-preview:large","max-video-preview":"max-video-preview:-1"},"canonical":"https:\/\/diver.com.pt\/es\/campamentos-de-vacaciones\/","og_locale":"es_ES","og_type":"article","og_title":"Diver - Campamentos de Vacaciones","og_description":"Campamentos de Vacaciones Lo mejor de tus vacaciones pasa aqu\u00ed , con Grupo Diver! Nuevas amistades, nuevas aventuras, nuevos recuerdos. Ya sea verano, invierno, navidad o semana santa, en los campamentos de vacaciones da Diver hay mucha diversi\u00f3n preparada para ti.\u00a0 Si tienes entre 6 y 18 a\u00f1os, los Divercamp&#8217;s te prometen mucha diversi\u00f3n y [&hellip;]","og_url":"https:\/\/diver.com.pt\/es\/campamentos-de-vacaciones\/","og_site_name":"Diver","article_publisher":"https:\/\/www.facebook.com\/diverlanhoso","article_modified_time":"2022-04-12T15:19:11+00:00","og_image":[{"url":"https:\/\/diver.com.pt\/wp-content\/uploads\/2022\/02\/290880D5-6638-4294-A76C-A00EF107C4F1-scaled.jpeg"}],"twitter_card":"summary_large_image","schema":{"@context":"https:\/\/schema.org","@graph":[{"@type":"WebPage","@id":"https:\/\/diver.com.pt\/es\/campamentos-de-vacaciones\/","url":"https:\/\/diver.com.pt\/es\/campamentos-de-vacaciones\/","name":"Diver - Campamentos de Vacaciones","isPartOf":{"@id":"https:\/\/diver.com.pt\/es\/#website"},"datePublished":"2022-02-04T15:20:24+00:00","dateModified":"2022-04-12T15:19:11+00:00","breadcrumb":{"@id":"https:\/\/diver.com.pt\/es\/campamentos-de-vacaciones\/#breadcrumb"},"inLanguage":"es","potentialAction":[{"@type":"ReadAction","target":["https:\/\/diver.com.pt\/es\/campamentos-de-vacaciones\/"]}]},{"@type":"BreadcrumbList","@id":"https:\/\/diver.com.pt\/es\/campamentos-de-vacaciones\/#breadcrumb","itemListElement":[{"@type":"ListItem","position":1,"name":"Comienzo","item":"https:\/\/diver.com.pt\/es\/"},{"@type":"ListItem","position":2,"name":"Campamentos de Vacaciones"}]},{"@type":"WebSite","@id":"https:\/\/diver.com.pt\/es\/#website","url":"https:\/\/diver.com.pt\/es\/","name":"Diver","description":"Grupo Diver","publisher":{"@id":"https:\/\/diver.com.pt\/es\/#organization"},"potentialAction":[{"@type":"SearchAction","target":{"@type":"EntryPoint","urlTemplate":"https:\/\/diver.com.pt\/es\/?s={search_term_string}"},"query-input":"required name=search_term_string"}],"inLanguage":"es"},{"@type":"Organization","@id":"https:\/\/diver.com.pt\/es\/#organization","name":"Grupo Diver","url":"https:\/\/diver.com.pt\/es\/","logo":{"@type":"ImageObject","inLanguage":"es","@id":"https:\/\/diver.com.pt\/es\/#\/schema\/logo\/image\/","url":"https:\/\/diver.com.pt\/wp-content\/uploads\/2022\/02\/FAV-ICON-05.svg","contentUrl":"https:\/\/diver.com.pt\/wp-content\/uploads\/2022\/02\/FAV-ICON-05.svg","caption":"Grupo Diver"},"image":{"@id":"https:\/\/diver.com.pt\/es\/#\/schema\/logo\/image\/"},"sameAs":["https:\/\/www.instagram.com\/diverlanhoso","https:\/\/www.facebook.com\/diverlanhoso"]}]}},"_links":{"self":[{"href":"https:\/\/diver.com.pt\/es\/wp-json\/wp\/v2\/pages\/904","targetHints":{"allow":["GET"]}}],"collection":[{"href":"https:\/\/diver.com.pt\/es\/wp-json\/wp\/v2\/pages"}],"about":[{"href":"https:\/\/diver.com.pt\/es\/wp-json\/wp\/v2\/types\/page"}],"author":[{"embeddable":true,"href":"https:\/\/diver.com.pt\/es\/wp-json\/wp\/v2\/users\/1"}],"replies":[{"embeddable":true,"href":"https:\/\/diver.com.pt\/es\/wp-json\/wp\/v2\/comments?post=904"}],"version-history":[{"count":5,"href":"https:\/\/diver.com.pt\/es\/wp-json\/wp\/v2\/pages\/904\/revisions"}],"predecessor-version":[{"id":1148,"href":"https:\/\/diver.com.pt\/es\/wp-json\/wp\/v2\/pages\/904\/revisions\/1148"}],"wp:attachment":[{"href":"https:\/\/diver.com.pt\/es\/wp-json\/wp\/v2\/media?parent=904"}],"curies":[{"name":"wp","href":"https:\/\/api.w.org\/{rel}","templated":true}]}}