{"id":878,"date":"2022-02-04T13:16:31","date_gmt":"2022-02-04T13:16:31","guid":{"rendered":"https:\/\/diver.com.pt\/?page_id=878"},"modified":"2022-04-12T16:09:00","modified_gmt":"2022-04-12T16:09:00","slug":"el-grupo","status":"publish","type":"page","link":"https:\/\/diver.com.pt\/es\/el-grupo\/","title":{"rendered":"El Grupo"},"content":{"rendered":"<p><img decoding=\"async\" src=\"\/wp-content\/uploads\/2022\/02\/diver5.jpg\" alt=\"\"><\/p>\n<h1>\n<p>Naturalmente Divertido!<\/p>\n<\/h1>\n<div>\n<p><i>Aventura, Naturaleza, Experiencias y Emociones.<\/i><\/p>\n<p>Grupo Diver garantiza tu diversi\u00f3n\u00a0en los tres principales puntos tur\u00edsticos de Portugal: Braga, Viana del Castelo, y Sierra de la Estrella.<\/p>\n<p>Con el objetivo de innovar en el desarrollo y implementaci\u00f3n de ideas disruptivas, para potenciar el turismo nacional, Grupo Diver se compromete a acercar a las personas diferentes caras del Turismo de Aventura y Naturaleza y, m\u00e1s que eso, poner en pr\u00e1ctica el concepto de Turismo de Experiencia, mediado a trav\u00e9s de momentos absolutamente \u00fanicos y diferenciados.\u00a0<\/p>\n<p>Deportes de aventura y naturaleza, paseos tur\u00edsticos, alojamientos, restauraci\u00f3n, organizaci\u00f3n de eventos (&#8230;), junto el Grupo Diver, puedes vivir de las mejores experiencias y crear recuerdos con los tuyos, a cualquiera hora del d\u00eda, en cualquiera temporada.<\/p>\n<p>\u00a1 Estamos aqu\u00ed \u00fanica y exclusivamente para ti !<\/p>\n<\/div>\n<p><img decoding=\"async\" src=\"\/wp-content\/uploads\/2022\/02\/IMG_20200718_102415-scaled.jpg\" alt=\"\"><br \/>\n<img decoding=\"async\" src=\"\/wp-content\/uploads\/2022\/02\/LOGO-LANHOSO.png\" alt=\"\"><\/p>\n<div>\n<p>Con m\u00e1s de 170 hect\u00e1reas, DiverLanhoso cuenta con m\u00e1s de 50 actividades de Aventura y Naturaleza, como Puenting, Tobog\u00e1n, Paintball, Barranquismo, Rafting y Escape Room.<\/p>\n<p>En este Parque de Aventura, en Braga, encontrar\u00e1 el Restaurante Panor\u00e1mico, la personificaci\u00f3n de lo mejor que la cocina regional de Minho tiene para ofrecer.<\/p>\n<p>Despertar en las casas monta\u00f1a del parque tiene otro encanto. Cuenta con 9 casas, adem\u00e1s de Glamping, dormitorios y zona de aparcamiento, perfecto para una escapada de monta\u00f1a.<\/p>\n<p>DiverLanhoso tambi\u00e9n es especialista en la organizaci\u00f3n de eventos como despedidas de soltero, cumplea\u00f1os, teambuildings, campamentos de verano, bodas, entre otros.\u00a0<\/p>\n<\/div>\n<p><img decoding=\"async\" src=\"\/wp-content\/uploads\/2022\/02\/009.jpeg\" alt=\"\"><br \/>\n<img decoding=\"async\" src=\"\/wp-content\/uploads\/2022\/02\/LOGO-MINHO.png\" alt=\"\"><\/p>\n<div>\n<p>Con mayor enfoque del mar y en del R\u00edo Mi\u00f1o, DiverMinho est\u00e1 ubicado en Viana del Castelo.<\/p>\n<p>Brindar momentos de diversi\u00f3n, pero tambi\u00e9n de cultura y dinamismo, es el prop\u00f3sito.<\/p>\n<p>Cuenta con varias experiencias, entre las que destacan visitas guidas y actividades de aventura en Forte da \u00cdnsua, lugar de alto inter\u00e9s cultural, as\u00ed como ascensiones tur\u00edsticas al R\u00edo Mi\u00f1o, con paradas obligatorias, tanto en tierras portuguesas como tierras espa\u00f1olas.<\/p>\n<p>DiverMinho es la opci\u00f3n perfecta para explorar los encantos de la frontera m\u00e1s septentrional de Portugal.<\/p>\n<\/div>\n<p><img decoding=\"async\" src=\"\/wp-content\/uploads\/2022\/02\/image00023-scaled.jpeg\" alt=\"\"><br \/>\n<img decoding=\"async\" src=\"\/wp-content\/uploads\/2022\/02\/LOGO-ESTRELA.png\" alt=\"\"><\/p>\n<div>\n<p>Turismo de experiencias, aventuras y naturaleza en la Sierra de la Estrella.<\/p>\n<p>Con DiverEstrela podr\u00e1s disfrutar de actividades deportivas de aventura para toda tu familia y amigos. Desde paintball y tiro al plato, hasta b\u00fasquedas del tesoro y salas de escape, las opciones son muchas y animan a unas vacaciones en la monta\u00f1a diferentes a las habituales.<\/p>\n<p>DiverEstrela dispone de alojamiento, as\u00ed como de alquiler de boyas y trineos para los descensos m\u00e1s inolvidables de la Sierra.<\/p>\n<p>Para que las vacaciones de los ni\u00f1os sean a\u00fan m\u00e1s din\u00e1micas y divertidas, la empresa organiza los mejores Winter Camps de la historia.\u00a0<\/p>\n<\/div>\n<p><!--more--><br \/>\n<!-- {\"name\":\"o grupo pt\",\"type\":\"layout\",\"children\":[{\"type\":\"section\",\"props\":{\"style\":\"default\",\"width\":\"default\",\"vertical_align\":\"middle\",\"title_position\":\"top-left\",\"title_rotation\":\"left\",\"title_breakpoint\":\"xl\",\"image_position\":\"center-center\",\"image\":\"wp-content\\\/uploads\\\/2022\\\/02\\\/011.jpeg\",\"image_size\":\"cover\",\"padding\":\"xlarge\"},\"children\":[{\"type\":\"row\",\"children\":[{\"type\":\"column\",\"props\":{\"position_sticky_breakpoint\":\"m\",\"image_position\":\"center-center\",\"media_overlay_gradient\":\"\"},\"children\":[]}]}]},{\"type\":\"section\",\"props\":{\"style\":\"default\",\"width\":\"default\",\"vertical_align\":\"middle\",\"title_position\":\"top-left\",\"title_rotation\":\"left\",\"title_breakpoint\":\"xl\",\"image_position\":\"bottom-right\",\"image\":\"wp-content\\\/uploads\\\/2022\\\/02\\\/cruz_x.svg\",\"image_width\":\"350\"},\"children\":[{\"type\":\"row\",\"props\":{\"layout\":\"1-3,2-3\"},\"children\":[{\"type\":\"column\",\"props\":{\"position_sticky_breakpoint\":\"m\",\"image_position\":\"center-center\",\"media_overlay_gradient\":\"\",\"width_medium\":\"1-3\",\"vertical_align\":\"middle\"},\"children\":[{\"type\":\"image\",\"props\":{\"margin\":\"default\",\"image_svg_color\":\"emphasis\",\"image\":\"wp-content\\\/uploads\\\/2022\\\/02\\\/diver5.jpg\",\"image_width\":\"300\",\"image_border\":\"circle\",\"image_height\":\"300\",\"text_align\":\"center\"}}]},{\"type\":\"column\",\"props\":{\"position_sticky_breakpoint\":\"m\",\"image_position\":\"bottom-right\",\"media_overlay_gradient\":\"\",\"width_medium\":\"2-3\",\"image\":\"\",\"image_width\":\"250\"},\"children\":[{\"type\":\"headline\",\"props\":{\"title_element\":\"h1\",\"content\":\"\n\n<p>Naturalmente Divertido!<\\\/p>\"}},{\"type\":\"text\",\"props\":{\"margin\":\"default\",\"column_breakpoint\":\"m\",\"content\":\"\n\n<p><i>Aventura, Naturaleza, Experiencias y Emociones.<\\\/i><\\\/p>\\n\n\n<p>Grupo Diver garantiza tu diversi\\u00f3n\\u00a0en los tres principales puntos tur\\u00edsticos de Portugal: Braga, Viana del Castelo, y Sierra de la Estrella.<\\\/p>\\n\n\n<p>Con el objetivo de innovar en el desarrollo y implementaci\\u00f3n de ideas disruptivas, para potenciar el turismo nacional, Grupo Diver se compromete a acercar a las personas diferentes caras del Turismo de Aventura y Naturaleza y, m\\u00e1s que eso, poner en pr\\u00e1ctica el concepto de Turismo de Experiencia, mediado a trav\\u00e9s de momentos absolutamente \\u00fanicos y diferenciados.\\u00a0<\\\/p>\\n\n\n<p>Deportes de aventura y naturaleza, paseos tur\\u00edsticos, alojamientos, restauraci\\u00f3n, organizaci\\u00f3n de eventos (...), junto el Grupo Diver, puedes vivir de las mejores experiencias y crear recuerdos con los tuyos, a cualquiera hora del d\\u00eda, en cualquiera temporada.<\\\/p>\\n\n\n<p>\\u00a1 Estamos aqu\\u00ed \\u00fanica y exclusivamente para ti !<\\\/p>\"}}]}]}]},{\"type\":\"section\",\"props\":{\"style\":\"default\",\"width\":\"default\",\"vertical_align\":\"middle\",\"title_position\":\"top-left\",\"title_rotation\":\"left\",\"title_breakpoint\":\"xl\",\"image_position\":\"center-center\"},\"children\":[{\"type\":\"row\",\"props\":{\"layout\":\"1-3,2-3\",\"column_gap\":\"collapse\",\"match\":false},\"children\":[{\"type\":\"column\",\"props\":{\"position_sticky_breakpoint\":\"m\",\"image_position\":\"center-center\",\"media_overlay_gradient\":\"\",\"width_medium\":\"1-3\"},\"children\":[{\"type\":\"image\",\"props\":{\"margin\":\"default\",\"image_svg_color\":\"emphasis\",\"image\":\"wp-content\\\/uploads\\\/2022\\\/02\\\/IMG_20200718_102415-scaled.jpg\",\"image_width\":\"500\",\"image_height\":\"500\"}}]},{\"type\":\"column\",\"props\":{\"position_sticky_breakpoint\":\"m\",\"image_position\":\"center-center\",\"media_overlay_gradient\":\"\",\"width_medium\":\"2-3\",\"vertical_align\":\"middle\",\"style\":\"muted\",\"padding\":\"small\"},\"children\":[{\"type\":\"image\",\"props\":{\"margin\":\"default\",\"image_svg_color\":\"emphasis\",\"image\":\"wp-content\\\/uploads\\\/2022\\\/02\\\/LOGO-LANHOSO.png\",\"image_width\":\"100\"}},{\"type\":\"text\",\"props\":{\"margin\":\"default\",\"column_breakpoint\":\"m\",\"content\":\"\n\n<p>Con m\\u00e1s de 170 hect\\u00e1reas, DiverLanhoso cuenta con m\\u00e1s de 50 actividades de Aventura y Naturaleza, como Puenting, Tobog\\u00e1n, Paintball, Barranquismo, Rafting y Escape Room.<\\\/p>\\n\n\n<p>En este Parque de Aventura, en Braga, encontrar\\u00e1 el Restaurante Panor\\u00e1mico, la personificaci\\u00f3n de lo mejor que la cocina regional de Minho tiene para ofrecer.<\\\/p>\\n\n\n<p>Despertar en las casas monta\\u00f1a del parque tiene otro encanto. Cuenta con 9 casas, adem\\u00e1s de Glamping, dormitorios y zona de aparcamiento, perfecto para una escapada de monta\\u00f1a.<\\\/p>\\n\n\n<p>DiverLanhoso tambi\\u00e9n es especialista en la organizaci\\u00f3n de eventos como despedidas de soltero, cumplea\\u00f1os, teambuildings, campamentos de verano, bodas, entre otros.\\u00a0<\\\/p>\",\"css\":\".el-element{font-size:14px;}\"}}]}]},{\"type\":\"row\",\"props\":{\"layout\":\"1-3,2-3\",\"column_gap\":\"collapse\"},\"children\":[{\"type\":\"column\",\"props\":{\"position_sticky_breakpoint\":\"m\",\"image_position\":\"center-center\",\"media_overlay_gradient\":\"\",\"width_medium\":\"1-3\"},\"children\":[{\"type\":\"image\",\"props\":{\"margin\":\"default\",\"image_svg_color\":\"emphasis\",\"image\":\"wp-content\\\/uploads\\\/2022\\\/02\\\/009.jpeg\",\"image_width\":\"500\",\"image_height\":\"500\"}}]},{\"type\":\"column\",\"props\":{\"position_sticky_breakpoint\":\"m\",\"image_position\":\"center-center\",\"media_overlay_gradient\":\"\",\"width_medium\":\"2-3\",\"vertical_align\":\"middle\",\"style\":\"muted\",\"padding\":\"small\"},\"children\":[{\"type\":\"image\",\"props\":{\"margin\":\"default\",\"image_svg_color\":\"emphasis\",\"image\":\"wp-content\\\/uploads\\\/2022\\\/02\\\/LOGO-MINHO.png\",\"image_width\":\"100\"}},{\"type\":\"text\",\"props\":{\"margin\":\"default\",\"column_breakpoint\":\"m\",\"content\":\"\n\n<p>Con mayor enfoque del mar y en del R\\u00edo Mi\\u00f1o, DiverMinho est\\u00e1 ubicado en Viana del Castelo.<\\\/p>\\n\n\n<p>Brindar momentos de diversi\\u00f3n, pero tambi\\u00e9n de cultura y dinamismo, es el prop\\u00f3sito.<\\\/p>\\n\n\n<p>Cuenta con varias experiencias, entre las que destacan visitas guidas y actividades de aventura en Forte da \\u00cdnsua, lugar de alto inter\\u00e9s cultural, as\\u00ed como ascensiones tur\\u00edsticas al R\\u00edo Mi\\u00f1o, con paradas obligatorias, tanto en tierras portuguesas como tierras espa\\u00f1olas.<\\\/p>\\n\n\n<p>DiverMinho es la opci\\u00f3n perfecta para explorar los encantos de la frontera m\\u00e1s septentrional de Portugal.<\\\/p>\",\"css\":\".el-element{font-size:14px;}\"}}]}]},{\"type\":\"row\",\"props\":{\"layout\":\"1-3,2-3\",\"column_gap\":\"collapse\"},\"children\":[{\"type\":\"column\",\"props\":{\"position_sticky_breakpoint\":\"m\",\"image_position\":\"center-center\",\"media_overlay_gradient\":\"\",\"width_medium\":\"1-3\"},\"children\":[{\"type\":\"image\",\"props\":{\"margin\":\"default\",\"image_svg_color\":\"emphasis\",\"image\":\"wp-content\\\/uploads\\\/2022\\\/02\\\/image00023-scaled.jpeg\",\"image_width\":\"500\",\"image_height\":\"500\"}}]},{\"type\":\"column\",\"props\":{\"position_sticky_breakpoint\":\"m\",\"image_position\":\"center-center\",\"media_overlay_gradient\":\"\",\"width_medium\":\"2-3\",\"vertical_align\":\"middle\",\"style\":\"muted\",\"padding\":\"small\"},\"children\":[{\"type\":\"image\",\"props\":{\"margin\":\"default\",\"image_svg_color\":\"emphasis\",\"image\":\"wp-content\\\/uploads\\\/2022\\\/02\\\/LOGO-ESTRELA.png\",\"image_width\":\"100\"}},{\"type\":\"text\",\"props\":{\"margin\":\"default\",\"column_breakpoint\":\"m\",\"content\":\"\n\n<p>Turismo de experiencias, aventuras y naturaleza en la Sierra de la Estrella.<\\\/p>\\n\n\n<p>Con DiverEstrela podr\\u00e1s disfrutar de actividades deportivas de aventura para toda tu familia y amigos. Desde paintball y tiro al plato, hasta b\\u00fasquedas del tesoro y salas de escape, las opciones son muchas y animan a unas vacaciones en la monta\\u00f1a diferentes a las habituales.<\\\/p>\\n\n\n<p>DiverEstrela dispone de alojamiento, as\\u00ed como de alquiler de boyas y trineos para los descensos m\\u00e1s inolvidables de la Sierra.<\\\/p>\\n\n\n<p>Para que las vacaciones de los ni\\u00f1os sean a\\u00fan m\\u00e1s din\\u00e1micas y divertidas, la empresa organiza los mejores Winter Camps de la historia.\\u00a0<\\\/p>\",\"css\":\".el-element{font-size:14px;}\"}}]}]}]}],\"version\":\"2.7.16\"} --><\/p>\n","protected":false},"excerpt":{"rendered":"<p>Naturalmente Divertido! Aventura, Naturaleza, Experiencias y Emociones. Grupo Diver garantiza tu diversi\u00f3n\u00a0en los tres principales puntos tur\u00edsticos de Portugal: Braga, Viana del Castelo, y Sierra de la Estrella. Con el objetivo de innovar en el desarrollo y implementaci\u00f3n de ideas disruptivas, para potenciar el turismo nacional, Grupo Diver se compromete a acercar a las personas [&hellip;]<\/p>\n","protected":false},"author":1,"featured_media":0,"parent":0,"menu_order":0,"comment_status":"closed","ping_status":"closed","template":"","meta":{"footnotes":""},"class_list":["post-878","page","type-page","status-publish","hentry"],"yoast_head":"<!-- This site is optimized with the Yoast SEO plugin v19.13 - https:\/\/yoast.com\/wordpress\/plugins\/seo\/ -->\n<title>Diver - El Grupo<\/title>\n<meta name=\"robots\" content=\"index, follow, max-snippet:-1, max-image-preview:large, max-video-preview:-1\" \/>\n<link rel=\"canonical\" href=\"https:\/\/diver.com.pt\/es\/el-grupo\/\" \/>\n<meta property=\"og:locale\" content=\"es_ES\" \/>\n<meta property=\"og:type\" content=\"article\" \/>\n<meta property=\"og:title\" content=\"Diver - El Grupo\" \/>\n<meta property=\"og:description\" content=\"Naturalmente Divertido! Aventura, Naturaleza, Experiencias y Emociones. Grupo Diver garantiza tu diversi\u00f3n\u00a0en los tres principales puntos tur\u00edsticos de Portugal: Braga, Viana del Castelo, y Sierra de la Estrella. Con el objetivo de innovar en el desarrollo y implementaci\u00f3n de ideas disruptivas, para potenciar el turismo nacional, Grupo Diver se compromete a acercar a las personas [&hellip;]\" \/>\n<meta property=\"og:url\" content=\"https:\/\/diver.com.pt\/es\/el-grupo\/\" \/>\n<meta property=\"og:site_name\" content=\"Diver\" \/>\n<meta property=\"article:publisher\" content=\"https:\/\/www.facebook.com\/diverlanhoso\" \/>\n<meta property=\"article:modified_time\" content=\"2022-04-12T16:09:00+00:00\" \/>\n<meta property=\"og:image\" content=\"https:\/\/diver.com.pt\/wp-content\/uploads\/2022\/02\/diver5.jpg\" \/>\n<meta name=\"twitter:card\" content=\"summary_large_image\" \/>\n<script type=\"application\/ld+json\" class=\"yoast-schema-graph\">{\"@context\":\"https:\/\/schema.org\",\"@graph\":[{\"@type\":\"WebPage\",\"@id\":\"https:\/\/diver.com.pt\/es\/el-grupo\/\",\"url\":\"https:\/\/diver.com.pt\/es\/el-grupo\/\",\"name\":\"Diver - El Grupo\",\"isPartOf\":{\"@id\":\"https:\/\/diver.com.pt\/es\/#website\"},\"datePublished\":\"2022-02-04T13:16:31+00:00\",\"dateModified\":\"2022-04-12T16:09:00+00:00\",\"breadcrumb\":{\"@id\":\"https:\/\/diver.com.pt\/es\/el-grupo\/#breadcrumb\"},\"inLanguage\":\"es\",\"potentialAction\":[{\"@type\":\"ReadAction\",\"target\":[\"https:\/\/diver.com.pt\/es\/el-grupo\/\"]}]},{\"@type\":\"BreadcrumbList\",\"@id\":\"https:\/\/diver.com.pt\/es\/el-grupo\/#breadcrumb\",\"itemListElement\":[{\"@type\":\"ListItem\",\"position\":1,\"name\":\"Comienzo\",\"item\":\"https:\/\/diver.com.pt\/es\/\"},{\"@type\":\"ListItem\",\"position\":2,\"name\":\"El Grupo\"}]},{\"@type\":\"WebSite\",\"@id\":\"https:\/\/diver.com.pt\/es\/#website\",\"url\":\"https:\/\/diver.com.pt\/es\/\",\"name\":\"Diver\",\"description\":\"Grupo Diver\",\"publisher\":{\"@id\":\"https:\/\/diver.com.pt\/es\/#organization\"},\"potentialAction\":[{\"@type\":\"SearchAction\",\"target\":{\"@type\":\"EntryPoint\",\"urlTemplate\":\"https:\/\/diver.com.pt\/es\/?s={search_term_string}\"},\"query-input\":\"required name=search_term_string\"}],\"inLanguage\":\"es\"},{\"@type\":\"Organization\",\"@id\":\"https:\/\/diver.com.pt\/es\/#organization\",\"name\":\"Grupo Diver\",\"url\":\"https:\/\/diver.com.pt\/es\/\",\"logo\":{\"@type\":\"ImageObject\",\"inLanguage\":\"es\",\"@id\":\"https:\/\/diver.com.pt\/es\/#\/schema\/logo\/image\/\",\"url\":\"https:\/\/diver.com.pt\/wp-content\/uploads\/2022\/02\/FAV-ICON-05.svg\",\"contentUrl\":\"https:\/\/diver.com.pt\/wp-content\/uploads\/2022\/02\/FAV-ICON-05.svg\",\"caption\":\"Grupo Diver\"},\"image\":{\"@id\":\"https:\/\/diver.com.pt\/es\/#\/schema\/logo\/image\/\"},\"sameAs\":[\"https:\/\/www.instagram.com\/diverlanhoso\",\"https:\/\/www.facebook.com\/diverlanhoso\"]}]}<\/script>\n<!-- \/ Yoast SEO plugin. -->","yoast_head_json":{"title":"Diver - El Grupo","robots":{"index":"index","follow":"follow","max-snippet":"max-snippet:-1","max-image-preview":"max-image-preview:large","max-video-preview":"max-video-preview:-1"},"canonical":"https:\/\/diver.com.pt\/es\/el-grupo\/","og_locale":"es_ES","og_type":"article","og_title":"Diver - El Grupo","og_description":"Naturalmente Divertido! Aventura, Naturaleza, Experiencias y Emociones. Grupo Diver garantiza tu diversi\u00f3n\u00a0en los tres principales puntos tur\u00edsticos de Portugal: Braga, Viana del Castelo, y Sierra de la Estrella. Con el objetivo de innovar en el desarrollo y implementaci\u00f3n de ideas disruptivas, para potenciar el turismo nacional, Grupo Diver se compromete a acercar a las personas [&hellip;]","og_url":"https:\/\/diver.com.pt\/es\/el-grupo\/","og_site_name":"Diver","article_publisher":"https:\/\/www.facebook.com\/diverlanhoso","article_modified_time":"2022-04-12T16:09:00+00:00","og_image":[{"url":"https:\/\/diver.com.pt\/wp-content\/uploads\/2022\/02\/diver5.jpg"}],"twitter_card":"summary_large_image","schema":{"@context":"https:\/\/schema.org","@graph":[{"@type":"WebPage","@id":"https:\/\/diver.com.pt\/es\/el-grupo\/","url":"https:\/\/diver.com.pt\/es\/el-grupo\/","name":"Diver - El Grupo","isPartOf":{"@id":"https:\/\/diver.com.pt\/es\/#website"},"datePublished":"2022-02-04T13:16:31+00:00","dateModified":"2022-04-12T16:09:00+00:00","breadcrumb":{"@id":"https:\/\/diver.com.pt\/es\/el-grupo\/#breadcrumb"},"inLanguage":"es","potentialAction":[{"@type":"ReadAction","target":["https:\/\/diver.com.pt\/es\/el-grupo\/"]}]},{"@type":"BreadcrumbList","@id":"https:\/\/diver.com.pt\/es\/el-grupo\/#breadcrumb","itemListElement":[{"@type":"ListItem","position":1,"name":"Comienzo","item":"https:\/\/diver.com.pt\/es\/"},{"@type":"ListItem","position":2,"name":"El Grupo"}]},{"@type":"WebSite","@id":"https:\/\/diver.com.pt\/es\/#website","url":"https:\/\/diver.com.pt\/es\/","name":"Diver","description":"Grupo Diver","publisher":{"@id":"https:\/\/diver.com.pt\/es\/#organization"},"potentialAction":[{"@type":"SearchAction","target":{"@type":"EntryPoint","urlTemplate":"https:\/\/diver.com.pt\/es\/?s={search_term_string}"},"query-input":"required name=search_term_string"}],"inLanguage":"es"},{"@type":"Organization","@id":"https:\/\/diver.com.pt\/es\/#organization","name":"Grupo Diver","url":"https:\/\/diver.com.pt\/es\/","logo":{"@type":"ImageObject","inLanguage":"es","@id":"https:\/\/diver.com.pt\/es\/#\/schema\/logo\/image\/","url":"https:\/\/diver.com.pt\/wp-content\/uploads\/2022\/02\/FAV-ICON-05.svg","contentUrl":"https:\/\/diver.com.pt\/wp-content\/uploads\/2022\/02\/FAV-ICON-05.svg","caption":"Grupo Diver"},"image":{"@id":"https:\/\/diver.com.pt\/es\/#\/schema\/logo\/image\/"},"sameAs":["https:\/\/www.instagram.com\/diverlanhoso","https:\/\/www.facebook.com\/diverlanhoso"]}]}},"_links":{"self":[{"href":"https:\/\/diver.com.pt\/es\/wp-json\/wp\/v2\/pages\/878","targetHints":{"allow":["GET"]}}],"collection":[{"href":"https:\/\/diver.com.pt\/es\/wp-json\/wp\/v2\/pages"}],"about":[{"href":"https:\/\/diver.com.pt\/es\/wp-json\/wp\/v2\/types\/page"}],"author":[{"embeddable":true,"href":"https:\/\/diver.com.pt\/es\/wp-json\/wp\/v2\/users\/1"}],"replies":[{"embeddable":true,"href":"https:\/\/diver.com.pt\/es\/wp-json\/wp\/v2\/comments?post=878"}],"version-history":[{"count":6,"href":"https:\/\/diver.com.pt\/es\/wp-json\/wp\/v2\/pages\/878\/revisions"}],"predecessor-version":[{"id":1161,"href":"https:\/\/diver.com.pt\/es\/wp-json\/wp\/v2\/pages\/878\/revisions\/1161"}],"wp:attachment":[{"href":"https:\/\/diver.com.pt\/es\/wp-json\/wp\/v2\/media?parent=878"}],"curies":[{"name":"wp","href":"https:\/\/api.w.org\/{rel}","templated":true}]}}